{"id":10130,"date":"2022-01-10T10:12:45","date_gmt":"2022-01-10T09:12:45","guid":{"rendered":"http:\/\/shimclinic.es\/?page_id=10130"},"modified":"2022-01-10T10:12:46","modified_gmt":"2022-01-10T09:12:46","slug":"aviso-legal","status":"publish","type":"page","link":"http:\/\/shimclinic.es\/fr\/aviso-legal\/","title":{"rendered":"Aviso legal"},"content":{"rendered":"<p><strong>1. Informaci\u00f3n legal y aceptaci\u00f3n<\/strong><\/p>\n\n\n\n<p>En cumplimiento del art\u00edculo&nbsp;<strong>10 de la Ley 34\/2002<\/strong>, de 11 de julio, de Servicios de la Sociedad de la Informaci\u00f3n y Comercio Electr\u00f3nico, a continuaci\u00f3n, se exponen los datos identificativos de la empresa. El presente portal de internet se pone al servicio de los usuarios por la entidad, cuyos datos identificativos son<\/p>\n\n\n\n<figure class=\"wp-block-table\"><table><tbody><tr><td>Denominaci\u00f3n Social:<\/td><td><strong>CL\u00cdNICA TECNOL\u00c1SER CEUTA, S.L.<\/strong><\/td><\/tr><tr><td>C.I.F.:<\/td><td>B01928274<\/td><\/tr><tr><td>Domicilio Social:&nbsp;<\/td><td>Calle Galea n\u00ba6, ACC-1, 51001 Ceuta<\/td><\/tr><tr><td>Tel\u00e9fono<\/td><td>951 41 00 63<\/td><\/tr><tr><td>Email:<\/td><td>info@shimclinic.es<\/td><\/tr><tr><td>Datos registrales:&nbsp;<\/td><td>Registro Mercantil de Ceuta el 15 de septiembre del 2020, Tomo 131, Folio 54, Secci\u00f3n 8, Hoja CE3401, Inscripci\u00f3n 1\u00aa.<\/td><\/tr><\/tbody><\/table><\/figure>\n\n\n\n<p>El presente aviso legal recoge las condiciones generales que rigen el acceso y el uso de este sitio web, en adelante \u201cel sitio web\u201d. El uso del sitio web implica la expresa y plena aceptaci\u00f3n de estas condiciones generales en la versi\u00f3n publicada en el momento en que el usuario acceda al mismo, sin perjuicio de las condiciones particulares que pudieran aplicarse a algunos de los servicios concretos del sitio web.&nbsp;<\/p>\n\n\n\n<p>El acceso a la p\u00e1gina web es gratuito salvo en lo relativo al coste de la conexi\u00f3n a trav\u00e9s de la red de telecomunicaciones suministrada por el proveedor de acceso contratado por los usuarios. Determinados servicios son exclusivos para nuestros clientes y su acceso se encuentra restringido.&nbsp;<\/p>\n\n\n\n<p>La utilizaci\u00f3n del Portal atribuye la condici\u00f3n de usuario del Portal (en adelante, el &#8216;Usuario&#8217;) e implica la aceptaci\u00f3n de todas las condiciones incluidas en este Aviso Legal. La prestaci\u00f3n del servicio del Portal tiene una duraci\u00f3n limitada al momento en el que el Usuario se encuentre conectado al Portal o a alguno de los servicios que a trav\u00e9s del mismo se facilitan. Por tanto, el Usuario debe leer atentamente el presente Aviso Legal en cada una de las ocasiones en que se proponga utilizar el Portal, ya que \u00e9ste y sus condiciones de uso recogidas en el presente Aviso Legal pueden sufrir modificaciones.<\/p>\n\n\n\n<p>Algunos servicios del Portal accesibles para los usuarios de Internet o exclusivos para los clientes de&nbsp;<strong>CL\u00cdNICA TECNOL\u00c1SER CEUTA, S.L.<\/strong>, pueden estar sometidos a condiciones particulares, reglamentos e instrucciones que, en su caso, sustituyen, completan y\/o modifican el presente Aviso Legal y que deber\u00e1n ser aceptadas por el Usuario antes de iniciarse la prestaci\u00f3n del servicio correspondiente.<\/p>\n\n\n\n<p><strong>2. Propiedad intelectual e industrial<\/strong><\/p>\n\n\n\n<p>Este sitio web y los contenidos que alberga se encuentran protegidos por la legislaci\u00f3n vigente en materia de propiedad intelectual.&nbsp;<\/p>\n\n\n\n<p><strong>CL\u00cdNICA TECNOL\u00c1SER CEUTA, S.L.<\/strong>&nbsp;es titular o licenciatario de todos los derechos de propiedad intelectual e industrial de su web, as\u00ed como de los elementos contenidos en la misma. Por ello, queda expresamente prohibida la reproducci\u00f3n, distribuci\u00f3n, comunicaci\u00f3n p\u00fablica y transformaci\u00f3n de la totalidad o parte de los contenidos de esta web, con fines comerciales, en cualquier soporte y por cualquier medio t\u00e9cnico, sin la autorizaci\u00f3n de T\u00e9rminos y Condiciones.&nbsp;<\/p>\n\n\n\n<p>Todos los productos y servicios de estas p\u00e1ginas que NO son propiedad de&nbsp;<strong>CL\u00cdNICA TECNOL\u00c1SER CEUTA, S.L.<\/strong>&nbsp;son marcas registradas de sus respectivos propietarios y son reconocidas como tales por nuestra empresa. Solamente aparecen en la web de&nbsp;<strong>CL\u00cdNICA TECNOL\u00c1SER CEUTA, S.L.&nbsp;<\/strong>a efectos de promoci\u00f3n y de recopilaci\u00f3n de informaci\u00f3n. Estos propietarios pueden solicitar la modificaci\u00f3n o eliminaci\u00f3n de la informaci\u00f3n que les pertenece.<\/p>\n\n\n\n<p><strong>3. Condiciones de uso del portal<\/strong><\/p>\n\n\n\n<p>3.1 General<\/p>\n\n\n\n<p>El Usuario se obliga a hacer un uso correcto del Portal de conformidad con la Ley y el presente Aviso Legal. El Usuario responder\u00e1 frente a&nbsp;<strong>CL\u00cdNICA TECNOL\u00c1SER CEUTA, S.L.<\/strong>&nbsp;o frente a terceros, de cualesquiera da\u00f1os y perjuicios que pudieran causarse como consecuencia del incumplimiento de dicha obligaci\u00f3n.<\/p>\n\n\n\n<p>Queda expresamente prohibido el uso del Portal con fines lesivos de bienes o intereses de&nbsp;<strong>CL\u00cdNICA TECNOL\u00c1SER CEUTA, S.L.<\/strong>&nbsp;o de terceros o que de cualquier otra forma sobrecarguen, da\u00f1en o inutilicen las redes, servidores y dem\u00e1s equipos inform\u00e1ticos (hardware) o productos y aplicaciones inform\u00e1ticas (software) de&nbsp;<strong>CL\u00cdNICA TECNOL\u00c1SER CEUTA, S.L.<\/strong>&nbsp;o de terceros.<\/p>\n\n\n\n<p>3.2 Contenidos<\/p>\n\n\n\n<p>El Usuario se compromete a utilizar los Contenidos de conformidad con la Ley y el presente Aviso Legal, as\u00ed como con las dem\u00e1s condiciones, reglamentos e instrucciones que en su caso pudieran ser de aplicaci\u00f3n de conformidad con lo dispuesto en la cl\u00e1usula 1.<\/p>\n\n\n\n<p>Con car\u00e1cter meramente enunciativo, el Usuario de acuerdo con la legislaci\u00f3n vigente deber\u00e1 abstenerse de:<\/p>\n\n\n\n<ul><li>Reproducir, copiar, distribuir, poner a disposici\u00f3n, comunicar p\u00fablicamente, transformar o modificar los Contenidos salvo en los casos autorizados en la ley o expresamente consentidos por&nbsp;<strong>CL\u00cdNICA TECNOL\u00c1SER CEUTA, S.L.<\/strong>&nbsp;o por quien ostente la titularidad de los derechos de explotaci\u00f3n en su caso.<\/li><li>Reproducir o copiar para uso privado los Contenidos que puedan ser considerados como Software o Base de Datos de conformidad con la legislaci\u00f3n vigente en materia de propiedad intelectual, as\u00ed como su comunicaci\u00f3n p\u00fablica o puesta a disposici\u00f3n de terceros cuando estos actos impliquen necesariamente la reproducci\u00f3n por parte del Usuario o de un tercero.<\/li><li>Extraer y\/o reutilizar la totalidad o una parte sustancial de los Contenidos integrantes del Portal, as\u00ed como de las bases de datos que&nbsp;<strong>CL\u00cdNICA TECNOL\u00c1SER CEUTA, S.L.<\/strong>&nbsp;pongan a disposici\u00f3n de los Usuarios.<\/li><\/ul>\n\n\n\n<p>3.3 Introducci\u00f3n de enlaces al Portal<\/p>\n\n\n\n<p>El usuario de Internet que quiera introducir enlaces desde sus propias p\u00e1ginas web al Portal deber\u00e1 cumplir con las condiciones que se detallan a continuaci\u00f3n sin que el desconocimiento de las mismas evite las responsabilidades derivadas de la Ley:<\/p>\n\n\n\n<p>El enlace \u00fanicamente vincular\u00e1 con la home page o p\u00e1gina principal del Portal pero no podr\u00e1 reproducirla de ninguna forma (online links, copia de los textos, gr\u00e1ficos, etc).<\/p>\n\n\n\n<p>Quedar\u00e1 en todo caso prohibido, de acuerdo con la legislaci\u00f3n aplicable y vigente en cada momento, establecer frames o marcos de cualquier tipo que envuelvan al Portal o permitan la visualizaci\u00f3n de los Contenidos a trav\u00e9s de direcciones de Internet distintas a las del Portal y, en cualquier caso, cuando se visualicen conjuntamente con contenidos ajenos al Portal de forma que: (I) produzca, o pueda producir, error, confusi\u00f3n o enga\u00f1o en los usuarios sobre la verdadera procedencia del servicio o Contenidos; (II) suponga un acto de comparaci\u00f3n o imitaci\u00f3n desleal; (III) sirva para aprovechar la reputaci\u00f3n de la marca y prestigio de&nbsp;<strong>CL\u00cdNICA TECNOL\u00c1SER CEUTA, S.L.<\/strong>&nbsp;o (IV) de cualquier otra forma resulte prohibido por la legislaci\u00f3n vigente.<\/p>\n\n\n\n<p>No se realizar\u00e1n desde la p\u00e1gina que introduce el enlace ning\u00fan tipo de manifestaci\u00f3n falsa, inexacta o incorrecta sobre&nbsp;<strong>CL\u00cdNICA TECNOL\u00c1SER CEUTA, S.L.<\/strong>, sus socios, empleados, clientes o sobre la calidad de los servicios que presta.<\/p>\n\n\n\n<p>En ning\u00fan caso, se expresar\u00e1 en la p\u00e1gina donde se ubique el enlace que&nbsp;<strong>CL\u00cdNICA TECNOL\u00c1SER CEUTA, S.L.<\/strong>&nbsp;ha prestado su consentimiento para la inserci\u00f3n del enlace o que de otra forma patrocina, colabora, verifica o supervisa los servicios del remitente.<\/p>\n\n\n\n<p>Est\u00e1 prohibida la utilizaci\u00f3n de cualquier marca denominativa, gr\u00e1fica o mixta o cualquier otro signo distintivo de&nbsp;<strong>CL\u00cdNICA TECNOL\u00c1SER CEUTA, S.L.<\/strong>&nbsp;dentro de la p\u00e1gina del remitente salvo en los casos permitidos por la ley o expresamente autorizados por&nbsp;<strong>CL\u00cdNICA TECNOL\u00c1SER CEUTA, S.L.<\/strong>&nbsp;y siempre que se permita, en estos casos, un enlace directo con el Portal en la forma establecida en esta cl\u00e1usula.<\/p>\n\n\n\n<p>La p\u00e1gina que establezca el enlace deber\u00e1 cumplir fielmente con la ley y no podr\u00e1 en ning\u00fan caso disponer o enlazar con contenidos propios o de terceros que: (I) sean il\u00edcitos, nocivos o contrarios a la moral y a las buenas costumbres (pornogr\u00e1ficos, violentos, racistas, etc.); (II) induzcan o puedan inducir en el Usuario la falsa concepci\u00f3n de que&nbsp;<strong>CL\u00cdNICA TECNOL\u00c1SER CEUTA, S.L.&nbsp;<\/strong>suscribe, respalda, se adhiere o de cualquier manera apoya, las ideas, manifestaciones o expresiones, l\u00edcitas o il\u00edcitas, del remitente; (III) resulten inapropiados o no pertinentes con la actividad de&nbsp;<strong>CL\u00cdNICA TECNOL\u00c1SER CEUTA, S.L.<\/strong>&nbsp;en atenci\u00f3n al lugar, contenidos y tem\u00e1tica de la p\u00e1gina web del remitente.<\/p>\n\n\n\n<p><strong>4. Exclusi\u00f3n de responsabilidad<\/strong><\/p>\n\n\n\n<p>4.1 De la Informaci\u00f3n<\/p>\n\n\n\n<p>El acceso al Portal no implica la obligaci\u00f3n por parte de&nbsp;<strong>CL\u00cdNICA TECNOL\u00c1SER CEUTA, S.L.<\/strong>&nbsp;de comprobar la veracidad, exactitud, adecuaci\u00f3n, idoneidad, exhaustividad y actualidad de la informaci\u00f3n suministrada a trav\u00e9s del mismo. Los contenidos de esta p\u00e1gina son de car\u00e1cter general y no constituyen, en modo alguno, la prestaci\u00f3n de un servicio de asesoramiento legal o de ning\u00fan tipo, por lo que dicha informaci\u00f3n resulta insuficiente para la toma de decisiones personales o empresariales por parte del Usuario.&nbsp;<\/p>\n\n\n\n<p><strong>CL\u00cdNICA TECNOL\u00c1SER CEUTA, S.L.<\/strong>&nbsp;no se responsabiliza de las decisiones tomadas a partir de la informaci\u00f3n suministrada en el Portal ni de los da\u00f1os y perjuicios producidos en el Usuario o terceros con motivo de actuaciones que tengan como \u00fanico fundamento la informaci\u00f3n obtenida en el Portal.<\/p>\n\n\n\n<p>4.2 De la calidad del servicio<\/p>\n\n\n\n<p>El acceso al Portal no implica la obligaci\u00f3n por parte de&nbsp;<strong>CL\u00cdNICA TECNOL\u00c1SER CEUTA, S.L.<\/strong>&nbsp;de controlar la ausencia de virus, gusanos o cualquier otro elemento inform\u00e1tico da\u00f1ino. Corresponde al Usuario, en todo caso, la disponibilidad de herramientas adecuadas para la detecci\u00f3n y desinfecci\u00f3n de programas inform\u00e1ticos da\u00f1inos.&nbsp;<\/p>\n\n\n\n<p><strong>CL\u00cdNICA TECNOL\u00c1SER CEUTA, S.L.<\/strong>&nbsp;no se responsabiliza de los da\u00f1os producidos en los equipos inform\u00e1ticos de los Usuarios o de terceros durante la prestaci\u00f3n del servicio del Portal.<\/p>\n\n\n\n<p>4.3 De la disponibilidad del Servicio<\/p>\n\n\n\n<p>El acceso al Portal requiere de servicios y suministros de terceros, incluidos el transporte a trav\u00e9s de redes de telecomunicaciones cuya fiabilidad, calidad, continuidad y funcionamiento no corresponde a&nbsp;<strong>CL\u00cdNICA TECNOL\u00c1SER CEUTA, S.L.<\/strong>&nbsp;Por consiguiente, los servicios prove\u00eddos a trav\u00e9s del Portal pueden ser suspendidos, cancelados o resultar inaccesibles, con car\u00e1cter previo o simult\u00e1neo a la prestaci\u00f3n del servicio del Portal.&nbsp;<\/p>\n\n\n\n<p><strong>CL\u00cdNICA TECNOL\u00c1SER CEUTA, S.L.<\/strong>&nbsp;no se responsabiliza de los da\u00f1os o perjuicios de cualquier tipo producidos en el Usuario que traigan causa de fallos o desconexiones en las redes de telecomunicaciones que produzcan la suspensi\u00f3n, cancelaci\u00f3n o interrupci\u00f3n del servicio del Portal durante la prestaci\u00f3n del mismo o con car\u00e1cter previo.<\/p>\n\n\n\n<p>4.4 De los contenidos y servicios enlazados a trav\u00e9s del Portal<\/p>\n\n\n\n<p>El servicio de acceso al Portal incluye dispositivos t\u00e9cnicos de enlace, directorios e incluso instrumentos de b\u00fasqueda que permiten al Usuario acceder a otras p\u00e1ginas y portales de Internet (en adelante, &#8216;Sitios Enlazados&#8217;). En estos casos,&nbsp;<strong>CL\u00cdNICA TECNOL\u00c1SER CEUTA, S.L.<\/strong>&nbsp;act\u00faa como prestador de servicios de intermediaci\u00f3n de conformidad con el art\u00edculo 17 de la Ley 34\/2002, de 12 de julio, de Servicios de la Sociedad de la Informaci\u00f3n y el Comercio Electr\u00f3nico (LSSI) y s\u00f3lo ser\u00e1 responsable de los contenidos y servicios suministrados en los Sitios Enlazados en la medida en que tenga conocimiento efectivo de la ilicitud y no haya desactivado el enlace con la diligencia debida. En el supuesto de que el Usuario considere que existe un Sitio Enlazado con contenidos il\u00edcitos o inadecuados podr\u00e1 comunic\u00e1rselo a&nbsp;<strong>CL\u00cdNICA TECNOL\u00c1SER CEUTA, S.L.<\/strong>&nbsp;de acuerdo con el procedimiento y los efectos establecidos en la cl\u00e1usula 6, sin que en ning\u00fan caso esta comunicaci\u00f3n conlleve la obligaci\u00f3n de retirar el correspondiente enlace.<\/p>\n\n\n\n<p>En ning\u00fan caso, la existencia de Sitios Enlazados debe presuponer la existencia de acuerdos con los responsables o titulares de los mismos, ni la recomendaci\u00f3n, promoci\u00f3n o identificaci\u00f3n de&nbsp;<strong>CL\u00cdNICA TECNOL\u00c1SER CEUTA, S.L.<\/strong>&nbsp;con las manifestaciones, contenidos o servicios prove\u00eddos.<\/p>\n\n\n\n<p><strong>CL\u00cdNICA TECNOL\u00c1SER CEUTA, S.L.<\/strong>&nbsp;no conoce los contenidos y servicios de los Sitios Enlazados y por tanto no se hace responsable por los da\u00f1os producidos por la ilicitud, calidad, desactualizaci\u00f3n, indisponibilidad, error e inutilidad de los contenidos y\/o servicios de los Sitios Enlazados ni por cualquier otro da\u00f1o que no sea directamente imputable a&nbsp;<strong>CL\u00cdNICA TECNOL\u00c1SER CEUTA, S.L.<\/strong><\/p>\n\n\n\n<p><strong>5. Protecci\u00f3n de datos.<\/strong><\/p>\n\n\n\n<p>Puede consultar nuestra pol\u00edtica de Protecci\u00f3n de Datos (link a la Pol\u00edtica de Privacidad) para conocer el uso que hacemos de sus datos personales.&nbsp;<\/p>\n\n\n\n<p><strong>6. Comunicaci\u00f3n de actividades de car\u00e1cter il\u00edcito e inadecuado<\/strong><\/p>\n\n\n\n<p>En el caso de que el Usuario o cualquier otro usuario de Internet tuvieran conocimiento de que los Sitios Enlazados remiten a p\u00e1ginas cuyos contenidos o servicios son il\u00edcitos, nocivos, denigrantes, violentos o contrarios a la moral podr\u00e1 ponerse en contacto con&nbsp;<strong>CL\u00cdNICA TECNOL\u00c1SER CEUTA, S.L.<\/strong>&nbsp;indicando los siguientes extremos:&nbsp;<\/p>\n\n\n\n<ol type=\"1\"><li>Datos personales del comunicante: nombre, direcci\u00f3n, n\u00famero de tel\u00e9fono y direcci\u00f3n de correo electr\u00f3nico;<\/li><li>Descripci\u00f3n de los hechos que revelan el car\u00e1cter il\u00edcito o inadecuado del Sitio Enlazado;<\/li><li>En el supuesto de violaci\u00f3n de derechos, tales como propiedad intelectual e industrial, los datos personales del titular del derecho infringido cuando sea persona distinta del comunicante.&nbsp;<\/li><li>Asimismo, deber\u00e1 aportar el t\u00edtulo que acredite la legitimaci\u00f3n del titular de los derechos y, en su caso, el de representaci\u00f3n para actuar por cuenta del titular cuando sea persona distinta del comunicante;<\/li><li>Declaraci\u00f3n expresa de que la informaci\u00f3n contenida en la reclamaci\u00f3n es exacta.<\/li><\/ol>\n\n\n\n<p>La recepci\u00f3n por parte de&nbsp;<strong>CL\u00cdNICA TECNOL\u00c1SER CEUTA, S.L.<\/strong>&nbsp;de la comunicaci\u00f3n prevista en esta cl\u00e1usula no supondr\u00e1, seg\u00fan lo dispuesto en la LSSI, el conocimiento efectivo de las actividades y\/o contenidos indicados por el comunicante.<\/p>\n\n\n\n<p>Asimismo, deber\u00e1 aportar el t\u00edtulo que acredite la legitimaci\u00f3n del titular de los derechos y, en su caso, el de representaci\u00f3n para actuar por cuenta del titular cuando sea persona distinta del comunicante; Declaraci\u00f3n expresa de que la informaci\u00f3n contenida en la reclamaci\u00f3n es exacta.<br><\/p>\n\n\n\n<p><strong>7. Notificaciones<\/strong><\/p>\n\n\n\n<p>Todas las notificaciones y comunicaciones realizadas por las partes ser\u00e1n v\u00e1lidas de conformidad con los medios admitidos en Derecho. Las relativas al presente Portal se considerar\u00e1n eficaces, a todos los efectos, si se realizan a trav\u00e9s del propio Portal.<\/p>\n\n\n\n<p><strong>8. Modificaciones<\/strong><\/p>\n\n\n\n<p><strong>CL\u00cdNICA TECNOL\u00c1SER CEUTA, S.L.<\/strong>&nbsp;se reserva el derecho de efectuar sin previo aviso las modificaciones que considere oportunas en su web, pudiendo cambiar, suprimir o a\u00f1adir tanto los contenidos y servicios que se presten a trav\u00e9s de la misma como la forma en la que \u00e9stos aparezcan presentados.<\/p>\n\n\n\n<p>Por otro lado, los presentes t\u00e9rminos y condiciones podr\u00e1n cambiar en cualquier momento. Las modificaciones entrar\u00e1n en vigor desde el momento de su publicaci\u00f3n.<\/p>\n\n\n\n<p><strong>9. Legislaci\u00f3n<\/strong><\/p>\n\n\n\n<p>El presente Aviso Legal se rige en todos y cada uno de sus extremos por la ley espa\u00f1ola&nbsp;Siempre y cuando la Ley aplicable permita la renuncia al fuero legal establecido,&nbsp;se designa como fuero para dirimir posibles disputas, los juzgados de Ceuta,&nbsp;renunciando expresamente el usuario a cualquier otro fuero que pudiera corresponder.<\/p>","protected":false},"excerpt":{"rendered":"<p>1. Informaci\u00f3n legal y aceptaci\u00f3n En cumplimiento del art\u00edculo&nbsp;10 de la Ley 34\/2002, de 11 de julio, de Servicios de la Sociedad de la Informaci\u00f3n y Comercio Electr\u00f3nico, a continuaci\u00f3n, se exponen los datos identificativos de la empresa. El presente portal de internet se pone al servicio de los usuarios por la entidad, cuyos datos [&hellip;]<\/p>","protected":false},"author":1,"featured_media":0,"parent":0,"menu_order":0,"comment_status":"closed","ping_status":"closed","template":"","meta":{"footnotes":""},"_links":{"self":[{"href":"http:\/\/shimclinic.es\/fr\/wp-json\/wp\/v2\/pages\/10130"}],"collection":[{"href":"http:\/\/shimclinic.es\/fr\/wp-json\/wp\/v2\/pages"}],"about":[{"href":"http:\/\/shimclinic.es\/fr\/wp-json\/wp\/v2\/types\/page"}],"author":[{"embeddable":true,"href":"http:\/\/shimclinic.es\/fr\/wp-json\/wp\/v2\/users\/1"}],"replies":[{"embeddable":true,"href":"http:\/\/shimclinic.es\/fr\/wp-json\/wp\/v2\/comments?post=10130"}],"version-history":[{"count":1,"href":"http:\/\/shimclinic.es\/fr\/wp-json\/wp\/v2\/pages\/10130\/revisions"}],"predecessor-version":[{"id":10131,"href":"http:\/\/shimclinic.es\/fr\/wp-json\/wp\/v2\/pages\/10130\/revisions\/10131"}],"wp:attachment":[{"href":"http:\/\/shimclinic.es\/fr\/wp-json\/wp\/v2\/media?parent=10130"}],"curies":[{"name":"wp","href":"https:\/\/api.w.org\/{rel}","templated":true}]}}