{"id":10245,"date":"2022-06-06T13:39:30","date_gmt":"2022-06-06T11:39:30","guid":{"rendered":"http:\/\/shimclinic.es\/?page_id=10245"},"modified":"2022-06-06T19:18:21","modified_gmt":"2022-06-06T17:18:21","slug":"lasemar-1500","status":"publish","type":"page","link":"http:\/\/shimclinic.es\/fr\/servicios\/aparatologia\/lasemar-1500\/","title":{"rendered":"Lasemar 1500"},"content":{"rendered":"<div class=\"vc_row wpb_row vc_row-fluid\"><div class=\"wpb_column vc_column_container vc_col-sm-12\"><div class=\"vc_column-inner\"><div class=\"wpb_wrapper\">\n\t<div class=\"wpb_text_column wpb_content_element\" >\n\t\t<div class=\"wpb_wrapper\">\n\t\t\t<p><img loading=\"lazy\" decoding=\"async\" class=\"aligncenter wp-image-10254 size-large\" src=\"http:\/\/shimclinic.es\/wp-content\/uploads\/2022\/06\/LASEmaR_1500_imagen-1024x538.jpg\" alt=\"\" width=\"1024\" height=\"538\" srcset=\"http:\/\/shimclinic.es\/wp-content\/uploads\/2022\/06\/LASEmaR_1500_imagen-1024x538.jpg 1024w, http:\/\/shimclinic.es\/wp-content\/uploads\/2022\/06\/LASEmaR_1500_imagen-300x158.jpg 300w, http:\/\/shimclinic.es\/wp-content\/uploads\/2022\/06\/LASEmaR_1500_imagen-768x403.jpg 768w, http:\/\/shimclinic.es\/wp-content\/uploads\/2022\/06\/LASEmaR_1500_imagen.jpg 1200w\" sizes=\"(max-width: 1024px) 100vw, 1024px\" \/><\/p>\n<p>LASEmar 1500 est le premier \u00e9quipement multi-applications qui, gr\u00e2ce \u00e0 l'utilisation de diff\u00e9rentes pi\u00e8ces \u00e0 main et types de fibres, permet <strong>l'\u00e9limination efficace de la graisse localis\u00e9e en alternative aux traitements conventionnels de liposuccion et<\/strong>\u00a0de <strong>remodelage du visage avec Endolift.<\/strong><\/p>\n<h2>Remodelage du visage avec Endolift<\/h2>\n<p>Endolift est une <strong>nouvelle proc\u00e9dure laser interstitielle mini-invasive<\/strong> dont l'objectif principal est de provoquer un <strong>un effet lifting sur la peau.<\/strong>Gr\u00e2ce \u00e0 l'insertion de microfibres de 200 \u00e0 300 microns qui p\u00e9n\u00e8trent dans la peau pouss\u00e9es par l'\u00e9nergie laser, sans avoir besoin d'aiguilles ou de scalpels, l'\u00e9nergie laser est transmise et provoque :<\/p>\n<ul>\n<li>G\u00e9n\u00e9ration de <strong>nouveau collag\u00e8ne<\/strong><\/li>\n<li><strong>Restructuration et r\u00e9traction de la peau<\/strong><\/li>\n<li>Am\u00e9lioration des imperfections telles que <strong>les rides<\/strong><\/li>\n<\/ul>\n<p>Gr\u00e2ce \u00e0 cette technique, il est possible de cr\u00e9er une matrice sous-cutan\u00e9e dans le derme et de renforcer les lignes de tension cutan\u00e9e, gr\u00e2ce \u00e0 la restructuration du tissu conjonctif. Cette technique est vraiment int\u00e9ressante dans <strong>les traitements non chirurgicaux du visage, sur le visage et le cou.<\/strong><\/p>\n<p>D'autre part, Endolift nous permet<strong> \u00e9galement d'\u00e9liminer les graisses localis\u00e9es<\/strong>ind\u00e9sirables dans les zones du visage. Un traitement tr\u00e8s efficace pour : r\u00e9duire la graisse<strong> sous-mentonni\u00e8re localis\u00e9e,<\/strong>red\u00e9finir l'ovale du visage, <strong>r\u00e9duire les poches sous les paupi\u00e8res,<\/strong> entre autres.<\/p>\n<h3>Avantage<\/h3>\n<ul>\n<li>Sans anesth\u00e9sie<\/li>\n<li>Des r\u00e9sultats s\u00fbrs, visibles et imm\u00e9diats<\/li>\n<li>Effet \u00e0 long terme<\/li>\n<li>Une seule s\u00e9ance<\/li>\n<li>Pas d'incision<\/li>\n<li>Traitement ambulatoire<\/li>\n<li>Pas ou peu de convalescence<\/li>\n<li>Il peut \u00eatre associ\u00e9 \u00e0 d'autres traitements esth\u00e9tiques<\/li>\n<\/ul>\n\n\t\t<\/div>\n\t<\/div>\n<\/div><\/div><\/div><\/div><div class=\"vc_row wpb_row vc_row-fluid\"><div class=\"wpb_column vc_column_container vc_col-sm-12\"><div class=\"vc_column-inner\"><div class=\"wpb_wrapper\">\n\t<div class=\"wpb_text_column wpb_content_element\" >\n\t\t<div class=\"wpb_wrapper\">\n\t\t\t<h2>Glut\u00e9olift<\/h2>\n<p>Le gluteolift est une technique de lipolyse laser qui utilise une fibre laser de 1000 microns pou <strong>\u00e9liminer les cellules graisseuses, r\u00e9tracter la peau et aider \u00e0 remonter les fesses.<\/strong> Ce traitement peu invasif parvient \u00e0 retendre et \u00e9tirer la peau en la r\u00e9tractant et en stimulant la formation de collag\u00e8ne d\u00e8s la premi\u00e8re s\u00e9ance.<\/p>\n\n\t\t<\/div>\n\t<\/div>\n<\/div><\/div><\/div><\/div><div class=\"vc_row wpb_row vc_row-fluid\"><div class=\"wpb_column vc_column_container vc_col-sm-12\"><div class=\"vc_column-inner\"><div class=\"wpb_wrapper\">\n\t<div class=\"wpb_text_column wpb_content_element\" >\n\t\t<div class=\"wpb_wrapper\">\n\t\t\t<h2>Nouvelle technique de lipolyse laser micro-invasive<\/h2>\n<p>La lipolyse laser est une option de traitement tr\u00e8s int\u00e9ressante pour les patients qui souhaitent \u00e9liminer la graisse localis\u00e9e (zones de petite et moyenne taille) en raison de sa grande efficacit\u00e9 et de son caract\u00e8re moins invasif. Par cons\u00e9quent, il est devenu une <strong>alternative \u00e0 la liposuccion conventionnelle.<\/strong> La <strong>lipolyse laser micro-invasive<\/strong> La lipolyse laser micro-invasive est une avanc\u00e9e suppl\u00e9mentaire dans ce concept gr\u00e2ce \u00e0 l'utilisation de fibres de tr\u00e8s petit diam\u00e8tre, qui permettent un travail en douceur avec de minuscules incisions. La puissance \u00e9lev\u00e9e du LASEmaR 1500 et l'utilisation de fibres de petit diam\u00e8tre permettent un d\u00e9placement fluide de la fibre et <strong>une liqu\u00e9faction tr\u00e8s rapide de la graisse.<\/strong> De plus, sa longueur d'onde, 1450nm, a la plus grande affinit\u00e9 pour la graisse et l'eau, ce qui en fait une solution tr\u00e8s efficace dans les traitements dans lesquels il est n\u00e9cessaire <strong>d'\u00e9liminer la graisse localis\u00e9e et de raffermir la peau en m\u00eame temps.<\/strong><\/p>\n<p>Une autre option lors de la r\u00e9alisation d'une proc\u00e9dure de liposuccion est l'utilisation d'une canule de liposuccion \u00e0 travers laquelle une fibre optique extr\u00eamement fine est ins\u00e9r\u00e9e, qui transmet l'\u00e9nergie laser. Cette \u00e9nergie laser est responsable de l'\u00e9limination des cellules graisseuses et de la r\u00e9traction de la peau.<\/p>\n<h3>Avantages du LASEmar 1500<\/h3>\n<ul>\n<li>Anesth\u00e9sie locale<\/li>\n<li>Absence d'incisions gr\u00e2ce \u00e0 l'utilisation de microcanules<\/li>\n<li>\u00c9mulsion grasse instantan\u00e9e<\/li>\n<li>S\u00e9curit\u00e9 maximale<\/li>\n<li>Prompt r\u00e9tablissement<\/li>\n<li>Des r\u00e9sultats visibles en une seule s\u00e9ance<\/li>\n<li>Efficacit\u00e9 cliniquement prouv\u00e9e<\/li>\n<\/ul>\n\n\t\t<\/div>\n\t<\/div>\n<\/div><\/div><\/div><\/div><div class=\"vc_row wpb_row vc_row-fluid\"><div class=\"wpb_column vc_column_container vc_col-sm-12\"><div class=\"vc_column-inner\"><div class=\"wpb_wrapper\">\n\t<div class=\"wpb_text_column wpb_content_element\" >\n\t\t<div class=\"wpb_wrapper\">\n\t\t\t<h2>Microchirurgie des tissus mous<\/h2>\n<p>La t\u00eate chirurgicale LASEmaR\u00ae1500 nous permet de couper les tissus mous. D'autre part, l'application intral\u00e9sionnelle de fibres laser nous permet d'effectuer des proc\u00e9dures dermatologiques telles que l'\u00e9limination des <a href=\"https:\/\/www.irradia.com.es\/tratamientos\/granulomas\/\">granulomes produits par les charges dermiques.<\/a>.<\/p>\n\n\t\t<\/div>\n\t<\/div>\n<\/div><\/div><\/div><\/div>","protected":false},"excerpt":{"rendered":"LASEmaR 1500 es el primer equipo de multi-aplicaci\u00f3n que gracias al uso de diferentes man\u00edpulos y tipos de fibras permite eliminar eficazmente la grasa localizada como alternativa a la liposucci\u00f3n convencional y\u00a0realizar tratamientos de remodelaci\u00f3n facial con Endolift. Remodelaci\u00f3n facial con Endolift Endolift es un nuevo procedimiento de l\u00e1ser intersticial m\u00ednimamente invasivo que tiene como [...]","protected":false},"author":1,"featured_media":0,"parent":9625,"menu_order":0,"comment_status":"closed","ping_status":"closed","template":"","meta":{"footnotes":""},"_links":{"self":[{"href":"http:\/\/shimclinic.es\/fr\/wp-json\/wp\/v2\/pages\/10245"}],"collection":[{"href":"http:\/\/shimclinic.es\/fr\/wp-json\/wp\/v2\/pages"}],"about":[{"href":"http:\/\/shimclinic.es\/fr\/wp-json\/wp\/v2\/types\/page"}],"author":[{"embeddable":true,"href":"http:\/\/shimclinic.es\/fr\/wp-json\/wp\/v2\/users\/1"}],"replies":[{"embeddable":true,"href":"http:\/\/shimclinic.es\/fr\/wp-json\/wp\/v2\/comments?post=10245"}],"version-history":[{"count":11,"href":"http:\/\/shimclinic.es\/fr\/wp-json\/wp\/v2\/pages\/10245\/revisions"}],"predecessor-version":[{"id":10277,"href":"http:\/\/shimclinic.es\/fr\/wp-json\/wp\/v2\/pages\/10245\/revisions\/10277"}],"up":[{"embeddable":true,"href":"http:\/\/shimclinic.es\/fr\/wp-json\/wp\/v2\/pages\/9625"}],"wp:attachment":[{"href":"http:\/\/shimclinic.es\/fr\/wp-json\/wp\/v2\/media?parent=10245"}],"curies":[{"name":"wp","href":"https:\/\/api.w.org\/{rel}","templated":true}]}}