{"id":10353,"date":"2023-02-28T16:46:25","date_gmt":"2023-02-28T15:46:25","guid":{"rendered":"http:\/\/shimclinic.es\/?page_id=10353"},"modified":"2023-02-28T16:46:26","modified_gmt":"2023-02-28T15:46:26","slug":"condilomas","status":"publish","type":"page","link":"http:\/\/shimclinic.es\/fr\/condilomas\/","title":{"rendered":"Verrues :"},"content":{"rendered":"<ul><li>\u00a0Aussi connues sous le nom de verrues g\u00e9nitales, ce sont des l\u00e9sions b\u00e9nignes caus\u00e9es par une infection par le virus du papillome humain (VPH). FemiLift permet d'\u00e9liminer ces l\u00e9sions localis\u00e9es aussi bien au niveau vulvaire, vaginal et anal, qu'au niveau du col de l'ut\u00e9rus.<\/li><\/ul>\n\n\n\n<p><\/p>","protected":false},"excerpt":{"rendered":"<p>\u00a0Aussi connues sous le nom de verrues g\u00e9nitales, ce sont des l\u00e9sions b\u00e9nignes caus\u00e9es par une infection par le virus du papillome humain (VPH). FemiLift permet d'\u00e9liminer ces l\u00e9sions localis\u00e9es aussi bien au niveau vulvaire, vaginal et anal, qu'au niveau du col de l'ut\u00e9rus.<\/p>","protected":false},"author":1,"featured_media":0,"parent":0,"menu_order":0,"comment_status":"closed","ping_status":"closed","template":"","meta":{"footnotes":""},"_links":{"self":[{"href":"http:\/\/shimclinic.es\/fr\/wp-json\/wp\/v2\/pages\/10353"}],"collection":[{"href":"http:\/\/shimclinic.es\/fr\/wp-json\/wp\/v2\/pages"}],"about":[{"href":"http:\/\/shimclinic.es\/fr\/wp-json\/wp\/v2\/types\/page"}],"author":[{"embeddable":true,"href":"http:\/\/shimclinic.es\/fr\/wp-json\/wp\/v2\/users\/1"}],"replies":[{"embeddable":true,"href":"http:\/\/shimclinic.es\/fr\/wp-json\/wp\/v2\/comments?post=10353"}],"version-history":[{"count":1,"href":"http:\/\/shimclinic.es\/fr\/wp-json\/wp\/v2\/pages\/10353\/revisions"}],"predecessor-version":[{"id":10354,"href":"http:\/\/shimclinic.es\/fr\/wp-json\/wp\/v2\/pages\/10353\/revisions\/10354"}],"wp:attachment":[{"href":"http:\/\/shimclinic.es\/fr\/wp-json\/wp\/v2\/media?parent=10353"}],"curies":[{"name":"wp","href":"https:\/\/api.w.org\/{rel}","templated":true}]}}