{"id":10356,"date":"2023-02-28T16:47:59","date_gmt":"2023-02-28T15:47:59","guid":{"rendered":"http:\/\/shimclinic.es\/?page_id=10356"},"modified":"2023-02-28T16:47:59","modified_gmt":"2023-02-28T15:47:59","slug":"labioplastias","status":"publish","type":"page","link":"http:\/\/shimclinic.es\/fr\/labioplastias\/","title":{"rendered":"Labiaplastie :"},"content":{"rendered":"<ul><li>Intervention chirurgicale tr\u00e8s demand\u00e9e pour modifier les l\u00e8vres g\u00e9nitales. Elle consiste \u00e0 enlever l'exc\u00e8s de peau des petites l\u00e8vres qui, avec le temps et apr\u00e8s l'accouchement, peut grossir et d\u00e9passer des grandes l\u00e8vres, cr\u00e9ant une asym\u00e9trie dans la zone. Cette microchirurgie de zone a pour objectif de corriger cette asym\u00e9trie et \u00e9galement d'\u00e9liminer l'inconfort de la zone provoqu\u00e9 par ce ph\u00e9nom\u00e8ne. FemiIift propose une proc\u00e9dure efficace et peu invasive.\u00a0<\/li><\/ul>","protected":false},"excerpt":{"rendered":"<p>Procedimiento quir\u00fargico muy demandado para modificar los labios genitales. Consiste en la eliminaci\u00f3n del exceso de piel de los labios menores, que con el tiempo y tras los partos,\u00a0 pueden crecer y sobresalir sobre los labios mayores, creando una asimetr\u00eda en la zona. Esta microcirug\u00eda de la zona tiene como objetivo corregir esta asimetr\u00eda y [&hellip;]<\/p>","protected":false},"author":1,"featured_media":0,"parent":0,"menu_order":0,"comment_status":"closed","ping_status":"closed","template":"","meta":{"footnotes":""},"_links":{"self":[{"href":"http:\/\/shimclinic.es\/fr\/wp-json\/wp\/v2\/pages\/10356"}],"collection":[{"href":"http:\/\/shimclinic.es\/fr\/wp-json\/wp\/v2\/pages"}],"about":[{"href":"http:\/\/shimclinic.es\/fr\/wp-json\/wp\/v2\/types\/page"}],"author":[{"embeddable":true,"href":"http:\/\/shimclinic.es\/fr\/wp-json\/wp\/v2\/users\/1"}],"replies":[{"embeddable":true,"href":"http:\/\/shimclinic.es\/fr\/wp-json\/wp\/v2\/comments?post=10356"}],"version-history":[{"count":1,"href":"http:\/\/shimclinic.es\/fr\/wp-json\/wp\/v2\/pages\/10356\/revisions"}],"predecessor-version":[{"id":10357,"href":"http:\/\/shimclinic.es\/fr\/wp-json\/wp\/v2\/pages\/10356\/revisions\/10357"}],"wp:attachment":[{"href":"http:\/\/shimclinic.es\/fr\/wp-json\/wp\/v2\/media?parent=10356"}],"curies":[{"name":"wp","href":"https:\/\/api.w.org\/{rel}","templated":true}]}}