{"id":10362,"date":"2023-02-28T16:54:56","date_gmt":"2023-02-28T15:54:56","guid":{"rendered":"http:\/\/shimclinic.es\/?page_id=10362"},"modified":"2023-02-28T16:54:56","modified_gmt":"2023-02-28T15:54:56","slug":"cin","status":"publish","type":"page","link":"http:\/\/shimclinic.es\/fr\/cin\/","title":{"rendered":"CIN"},"content":{"rendered":"<ul><li>Ce sont des l\u00e9sions vaginales caus\u00e9es par le cancer du col de l'ut\u00e9rus. Le micromanipulateur TruSpot offre une alternative microchirurgicale peu invasive pour \u00e9liminer ces l\u00e9sions.<\/li><\/ul>\n\n\n\n<p><\/p>","protected":false},"excerpt":{"rendered":"<p>Son lesiones vaginales provocadas por el c\u00e1ncer de Cervix. El micromanipulador TruSpot ofrece una alternativa microquir\u00fargica, m\u00ednimamente invasiva, para eliminar estas lesiones.<\/p>","protected":false},"author":1,"featured_media":0,"parent":0,"menu_order":0,"comment_status":"closed","ping_status":"closed","template":"","meta":{"footnotes":""},"_links":{"self":[{"href":"http:\/\/shimclinic.es\/fr\/wp-json\/wp\/v2\/pages\/10362"}],"collection":[{"href":"http:\/\/shimclinic.es\/fr\/wp-json\/wp\/v2\/pages"}],"about":[{"href":"http:\/\/shimclinic.es\/fr\/wp-json\/wp\/v2\/types\/page"}],"author":[{"embeddable":true,"href":"http:\/\/shimclinic.es\/fr\/wp-json\/wp\/v2\/users\/1"}],"replies":[{"embeddable":true,"href":"http:\/\/shimclinic.es\/fr\/wp-json\/wp\/v2\/comments?post=10362"}],"version-history":[{"count":1,"href":"http:\/\/shimclinic.es\/fr\/wp-json\/wp\/v2\/pages\/10362\/revisions"}],"predecessor-version":[{"id":10363,"href":"http:\/\/shimclinic.es\/fr\/wp-json\/wp\/v2\/pages\/10362\/revisions\/10363"}],"wp:attachment":[{"href":"http:\/\/shimclinic.es\/fr\/wp-json\/wp\/v2\/media?parent=10362"}],"curies":[{"name":"wp","href":"https:\/\/api.w.org\/{rel}","templated":true}]}}