{"id":10373,"date":"2023-03-01T19:18:37","date_gmt":"2023-03-01T18:18:37","guid":{"rendered":"http:\/\/shimclinic.es\/?page_id=10373"},"modified":"2023-03-02T10:59:25","modified_gmt":"2023-03-02T09:59:25","slug":"radiofrecuencia-facial-y-corporal-con-accent-prime","status":"publish","type":"page","link":"http:\/\/shimclinic.es\/fr\/radiofrecuencia-facial-y-corporal-con-accent-prime\/","title":{"rendered":"Radiofr\u00e9quence visage et corps avec Accent Prime"},"content":{"rendered":"<p>Accent Prime est le dernier ajout d'Alma Lasers \u00e0 effectuer <strong>remodelage du corps et du visage<\/strong>, am\u00e9lioration de <strong>cellulite<\/strong>, <strong>resserrement et resurfa\u00e7age<\/strong> de la peau, entre autres. <\/p>\n\n\n\n<p>Cette plate-forme leader combine les innovations les plus avanc\u00e9es en <strong>ultrasons et radiofr\u00e9quence UniPolar<\/strong>\u2122 pour effectuer des traitements hautement personnalis\u00e9s, efficaces et rapides avec <strong>r\u00e9sultats durables.<\/strong><\/p>","protected":false},"excerpt":{"rendered":"<p>Accent Prime es la \u00faltima incorporaci\u00f3n de Alma Lasers para realizar tratamientos de remodelaci\u00f3n corporal y facial, mejora de la celulitis, tensado y resurfacing de la piel, entre otros. Esta plataforma l\u00edder combina las m\u00e1s avanzadas innovaciones en tecnolog\u00edas de ultrasonidos y radiofrecuencia UniPolar\u2122 para realizar tratamientos altamente personalizados, eficaces y r\u00e1pidos con resultados duraderos.<\/p>","protected":false},"author":1,"featured_media":0,"parent":0,"menu_order":0,"comment_status":"closed","ping_status":"closed","template":"","meta":{"footnotes":""},"_links":{"self":[{"href":"http:\/\/shimclinic.es\/fr\/wp-json\/wp\/v2\/pages\/10373"}],"collection":[{"href":"http:\/\/shimclinic.es\/fr\/wp-json\/wp\/v2\/pages"}],"about":[{"href":"http:\/\/shimclinic.es\/fr\/wp-json\/wp\/v2\/types\/page"}],"author":[{"embeddable":true,"href":"http:\/\/shimclinic.es\/fr\/wp-json\/wp\/v2\/users\/1"}],"replies":[{"embeddable":true,"href":"http:\/\/shimclinic.es\/fr\/wp-json\/wp\/v2\/comments?post=10373"}],"version-history":[{"count":1,"href":"http:\/\/shimclinic.es\/fr\/wp-json\/wp\/v2\/pages\/10373\/revisions"}],"predecessor-version":[{"id":10374,"href":"http:\/\/shimclinic.es\/fr\/wp-json\/wp\/v2\/pages\/10373\/revisions\/10374"}],"wp:attachment":[{"href":"http:\/\/shimclinic.es\/fr\/wp-json\/wp\/v2\/media?parent=10373"}],"curies":[{"name":"wp","href":"https:\/\/api.w.org\/{rel}","templated":true}]}}