{"id":10493,"date":"2024-04-20T14:58:06","date_gmt":"2024-04-20T12:58:06","guid":{"rendered":"http:\/\/shimclinic.es\/?page_id=10493"},"modified":"2024-04-25T18:22:39","modified_gmt":"2024-04-25T16:22:39","slug":"belleza-piernas-y-pies","status":"publish","type":"page","link":"http:\/\/shimclinic.es\/fr\/belleza-piernas-y-pies\/","title":{"rendered":"Belleza piernas y pies"},"content":{"rendered":"<p><\/p>\n\n\n<div class=\"wp-block-image\">\n<figure class=\"alignright size-full\"><img loading=\"lazy\" decoding=\"async\" width=\"738\" height=\"436\" src=\"http:\/\/shimclinic.es\/wp-content\/uploads\/2024\/04\/piernas-y-pies.png\" alt=\"\" class=\"wp-image-10556\" srcset=\"http:\/\/shimclinic.es\/wp-content\/uploads\/2024\/04\/piernas-y-pies.png 738w, http:\/\/shimclinic.es\/wp-content\/uploads\/2024\/04\/piernas-y-pies-300x177.png 300w, http:\/\/shimclinic.es\/wp-content\/uploads\/2024\/04\/piernas-y-pies-18x12.png 18w\" sizes=\"(max-width: 738px) 100vw, 738px\" \/><\/figure><\/div>\n\n\n<div class=\"wp-block-columns is-layout-flex wp-container-core-columns-is-layout-1 wp-block-columns-is-layout-flex\">\n<div class=\"wp-block-column is-layout-flow wp-block-column-is-layout-flow\" style=\"flex-basis:100%\">\n<p>Pulido y limado de durezas. Corte y pulido de u\u00f1as. Arreglo de cut\u00edculas. Exfoliaci\u00f3n de pies y piernas completas. Vendajes funcionales. Masaje relajante e hidratante en pies y piernas completas.<\/p>\n\n\n\n<p>Completamos tratamiento con presoterapia m\u00e9dica.<\/p>\n<\/div>\n<\/div>","protected":false},"excerpt":{"rendered":"<p>Pulido y limado de durezas. Corte y pulido de u\u00f1as. Arreglo de cut\u00edculas. Exfoliaci\u00f3n de pies y piernas completas. Vendajes funcionales. Masaje relajante e hidratante en pies y piernas completas. Completamos tratamiento con presoterapia m\u00e9dica.<\/p>","protected":false},"author":1,"featured_media":0,"parent":0,"menu_order":0,"comment_status":"closed","ping_status":"closed","template":"","meta":{"footnotes":""},"_links":{"self":[{"href":"http:\/\/shimclinic.es\/fr\/wp-json\/wp\/v2\/pages\/10493"}],"collection":[{"href":"http:\/\/shimclinic.es\/fr\/wp-json\/wp\/v2\/pages"}],"about":[{"href":"http:\/\/shimclinic.es\/fr\/wp-json\/wp\/v2\/types\/page"}],"author":[{"embeddable":true,"href":"http:\/\/shimclinic.es\/fr\/wp-json\/wp\/v2\/users\/1"}],"replies":[{"embeddable":true,"href":"http:\/\/shimclinic.es\/fr\/wp-json\/wp\/v2\/comments?post=10493"}],"version-history":[{"count":2,"href":"http:\/\/shimclinic.es\/fr\/wp-json\/wp\/v2\/pages\/10493\/revisions"}],"predecessor-version":[{"id":10558,"href":"http:\/\/shimclinic.es\/fr\/wp-json\/wp\/v2\/pages\/10493\/revisions\/10558"}],"wp:attachment":[{"href":"http:\/\/shimclinic.es\/fr\/wp-json\/wp\/v2\/media?parent=10493"}],"curies":[{"name":"wp","href":"https:\/\/api.w.org\/{rel}","templated":true}]}}