{"id":9584,"date":"2020-11-24T08:33:59","date_gmt":"2020-11-24T07:33:59","guid":{"rendered":"http:\/\/18.198.46.52\/?page_id=9584"},"modified":"2021-05-04T19:58:24","modified_gmt":"2021-05-04T17:58:24","slug":"fotodepilacion","status":"publish","type":"page","link":"http:\/\/shimclinic.es\/fr\/servicios\/tratamientos\/fotodepilacion\/","title":{"rendered":"Fotodepilaci\u00f3n SOPRANO TITANIUM"},"content":{"rendered":"<figure class=\"wp-block-pullquote\"><blockquote><p>Chez Shim Cl\u00ednic, l'\u00e9pilation <strong>la plus puissante, la plus rapide et la plus intelligente<\/strong> du march\u00e9.<\/p><\/blockquote><\/figure>\n\n\n\n<div class=\"wp-block-image\"><figure class=\"alignleft size-large is-resized\"><img loading=\"lazy\" decoding=\"async\" src=\"http:\/\/shimclinic.es\/wp-content\/uploads\/2021\/04\/depilacion-definitiva-1024x1024.jpg\" alt=\"\" class=\"wp-image-9907\" width=\"297\" height=\"297\" srcset=\"http:\/\/shimclinic.es\/wp-content\/uploads\/2021\/04\/depilacion-definitiva-1024x1024.jpg 1024w, http:\/\/shimclinic.es\/wp-content\/uploads\/2021\/04\/depilacion-definitiva-300x300.jpg 300w, http:\/\/shimclinic.es\/wp-content\/uploads\/2021\/04\/depilacion-definitiva-150x150.jpg 150w, http:\/\/shimclinic.es\/wp-content\/uploads\/2021\/04\/depilacion-definitiva-768x768.jpg 768w, http:\/\/shimclinic.es\/wp-content\/uploads\/2021\/04\/depilacion-definitiva.jpg 1080w\" sizes=\"(max-width: 297px) 100vw, 297px\" \/><\/figure><\/div>\n\n\n\n<h2 class=\"wp-block-heading\">La r\u00e9invention de l'\u00e9pilation<\/h2>\n\n\n\n<p class=\"has-text-align-right\">Une <strong>plate-forme d'\u00e9pilation innovante <\/strong>qui, gr\u00e2ce \u00e0 sa grande taille de point de 4 cm2 et \u00e0 un syst\u00e8me de <strong>refroidissement avanc\u00e9,<\/strong> permet d'obtenir des traitements beaucoup <strong>plus rapides et indolores.<\/strong> <\/p>\n\n\n\n<p class=\"has-text-align-right\"><strong>Soprano Titanium<\/strong> exploite les avantages de <strong>trois longueurs d'onde combin\u00e9es,<\/strong> cr\u00e9ant une <strong>nouvelle solution unique<\/strong> dans le monde de l'\u00e9pilation professionnelle.<\/p>\n\n\n\n<div style=\"height:31px\" aria-hidden=\"true\" class=\"wp-block-spacer\"><\/div>\n\n\n\n<p><\/p>\n\n\n\n<div class=\"wp-block-image\"><figure class=\"alignleft size-large is-resized\"><img loading=\"lazy\" decoding=\"async\" src=\"http:\/\/shimclinic.es\/wp-content\/uploads\/2021\/04\/vello-residual-1024x1024.jpg\" alt=\"\" class=\"wp-image-9908\" width=\"314\" height=\"314\" srcset=\"http:\/\/shimclinic.es\/wp-content\/uploads\/2021\/04\/vello-residual-1024x1024.jpg 1024w, http:\/\/shimclinic.es\/wp-content\/uploads\/2021\/04\/vello-residual-300x300.jpg 300w, http:\/\/shimclinic.es\/wp-content\/uploads\/2021\/04\/vello-residual-150x150.jpg 150w, http:\/\/shimclinic.es\/wp-content\/uploads\/2021\/04\/vello-residual-768x768.jpg 768w, http:\/\/shimclinic.es\/wp-content\/uploads\/2021\/04\/vello-residual.jpg 1080w\" sizes=\"(max-width: 314px) 100vw, 314px\" \/><\/figure><\/div>\n\n\n\n<ul><li><strong>Grande taille de spot<\/strong> de 4cm<sup>2<\/sup>\u00a0pour un traitement rapide<\/li><li>Syst\u00e8me de <strong>refroidissement continu<\/strong>\u00a0<strong>ICE PLUS<\/strong><sup>TM<\/sup><\/li><li>Deux connecteurs<\/li><li>Centro de datos Smart Clinic<\/li><li><strong>Centre de donn\u00e9es de la clinique intelligente<\/strong> Technologie 3D<\/li><li>Pour<strong> toutes les carnations (I-VI)<\/strong> et les peaux <strong>bronz\u00e9es.<\/strong>.<\/li><\/ul>\n\n\n\n<div style=\"height:34px\" aria-hidden=\"true\" class=\"wp-block-spacer\"><\/div>\n\n\n\n<p><\/p>\n\n\n\n<div class=\"wp-block-media-text alignwide has-media-on-the-right is-stacked-on-mobile\"><figure class=\"wp-block-media-text__media\"><img loading=\"lazy\" decoding=\"async\" width=\"1024\" height=\"958\" src=\"http:\/\/shimclinic.es\/wp-content\/uploads\/2021\/04\/depi-1-1024x958.jpg\" alt=\"\" class=\"wp-image-9951\" srcset=\"http:\/\/shimclinic.es\/wp-content\/uploads\/2021\/04\/depi-1-1024x958.jpg 1024w, http:\/\/shimclinic.es\/wp-content\/uploads\/2021\/04\/depi-1-300x281.jpg 300w, http:\/\/shimclinic.es\/wp-content\/uploads\/2021\/04\/depi-1-768x719.jpg 768w, http:\/\/shimclinic.es\/wp-content\/uploads\/2021\/04\/depi-1.jpg 1242w\" sizes=\"(max-width: 1024px) 100vw, 1024px\" \/><\/figure><div class=\"wp-block-media-text__content\">\n<blockquote class=\"wp-block-quote is-layout-flow wp-block-quote-is-layout-flow\"><p><strong>Soprano Titanium, avec sa technologie 3D exclusive, combine les trois longueurs d'onde laser les plus efficaces dans un seul applicateur, ciblant simultan\u00e9ment diff\u00e9rentes profondeurs de tissus et structures anatomiques dans le follicule pileux. En combinant les niveaux d'absorption et de p\u00e9n\u00e9tration de diff\u00e9rentes longueurs d'onde, ainsi qu'une couverture de traitement plus large, un plus grand confort et moins d'entretien, Soprano Titanium est le traitement d'\u00e9pilation le plus s\u00fbr et le plus efficace disponible aujourd'hui. .<\/strong><\/p><\/blockquote>\n<\/div><\/div>\n\n\n\n<div class=\"wp-block-group\"><div class=\"wp-block-group__inner-container is-layout-flow wp-block-group-is-layout-flow\">\n<div style=\"height:45px\" aria-hidden=\"true\" class=\"wp-block-spacer\"><\/div>\n\n\n\n<h2 class=\"has-text-align-center wp-block-heading\">SOPRANO TITANIUM <\/h2>\n\n\n\n<h2 class=\"has-text-align-center wp-block-heading\">chez <\/h2>\n\n\n\n<h2 class=\"has-text-align-center wp-block-heading\">SHIM CL\u00cdNIC CEUTA<\/h2>\n<\/div><\/div>\n\n\n\n<div style=\"height:33px\" aria-hidden=\"true\" class=\"wp-block-spacer\"><\/div>","protected":false},"excerpt":{"rendered":"<p>En Shim Cl\u00ednic, la depilaci\u00f3n m\u00e1s potente, m\u00e1s r\u00e1pida y m\u00e1s inteligente del mercado. La reinvenci\u00f3n en depilaci\u00f3n Una plataforma innovadora de depilaci\u00f3n que gracias a su gran tama\u00f1o de spot de 4 cm2 y un avanzado sistema de enfriamiento, consigue tratamientos mucho m\u00e1s r\u00e1pidos e indoloros. Soprano Titanium aprovecha los beneficios de tres longitudes [&hellip;]<\/p>","protected":false},"author":1,"featured_media":0,"parent":9546,"menu_order":0,"comment_status":"closed","ping_status":"closed","template":"","meta":{"footnotes":""},"_links":{"self":[{"href":"http:\/\/shimclinic.es\/fr\/wp-json\/wp\/v2\/pages\/9584"}],"collection":[{"href":"http:\/\/shimclinic.es\/fr\/wp-json\/wp\/v2\/pages"}],"about":[{"href":"http:\/\/shimclinic.es\/fr\/wp-json\/wp\/v2\/types\/page"}],"author":[{"embeddable":true,"href":"http:\/\/shimclinic.es\/fr\/wp-json\/wp\/v2\/users\/1"}],"replies":[{"embeddable":true,"href":"http:\/\/shimclinic.es\/fr\/wp-json\/wp\/v2\/comments?post=9584"}],"version-history":[{"count":35,"href":"http:\/\/shimclinic.es\/fr\/wp-json\/wp\/v2\/pages\/9584\/revisions"}],"predecessor-version":[{"id":10046,"href":"http:\/\/shimclinic.es\/fr\/wp-json\/wp\/v2\/pages\/9584\/revisions\/10046"}],"up":[{"embeddable":true,"href":"http:\/\/shimclinic.es\/fr\/wp-json\/wp\/v2\/pages\/9546"}],"wp:attachment":[{"href":"http:\/\/shimclinic.es\/fr\/wp-json\/wp\/v2\/media?parent=9584"}],"curies":[{"name":"wp","href":"https:\/\/api.w.org\/{rel}","templated":true}]}}