{"id":9586,"date":"2020-11-24T08:36:22","date_gmt":"2020-11-24T07:36:22","guid":{"rendered":"http:\/\/18.198.46.52\/?page_id=9586"},"modified":"2021-05-04T20:12:57","modified_gmt":"2021-05-04T18:12:57","slug":"fotorejuvenecimiento-facial-eliminacion-de-manchas-solares-cuperosis","status":"publish","type":"page","link":"http:\/\/shimclinic.es\/fr\/servicios\/tratamientos\/fotorejuvenecimiento-facial-eliminacion-de-manchas-solares-cuperosis\/","title":{"rendered":"Photorajeunissement de la peau et \u00e9limination des taches et autres imperfections et pathologies cutan\u00e9es."},"content":{"rendered":"<p><strong>Traitements avec les technologies de la lumi\u00e8re et du laser pour les rides, la rosac\u00e9e, les imperfections, les l\u00e9sions pigment\u00e9es...<\/strong><\/p>\n\n\n\n<p>Lors d'une premi\u00e8re consultation de diagnostic gratuite, l'\u00e9quipe d'experts de <strong>Shim Cl\u00ednic<\/strong> recommandera le traitement le plus appropri\u00e9 pour:<\/p>\n\n\n\n<ul><li>Imperfections cutan\u00e9es.<\/li><li>Rajeunissement partiel ablatif de la peau.<\/li><li>Resurfa\u00e7age.<\/li><li>Rides et rides d'expression.<\/li><li>Cicatrices d'acn\u00e9.<\/li><li>Hyperpigmentation<\/li><li>Micropigmentation.<\/li><li>Rosac\u00e9e.<\/li><li>Acn\u00e9.<\/li><li>\u00c9quilibre le teint et la texture de la peau.<\/li><li>D\u00e9tatouage.<\/li><\/ul>\n\n\n\n<div style=\"height:33px\" aria-hidden=\"true\" class=\"wp-block-spacer\"><\/div>\n\n\n\n<h2 class=\"wp-block-heading\">L\u00e9sions cutan\u00e9es pigment\u00e9es<\/h2>\n\n\n\n<blockquote class=\"wp-block-quote is-layout-flow wp-block-quote-is-layout-flow\"><p>Le cycle biologique et les changements hormonaux peuvent affecter la r\u00e9partition de la couleur (m\u00e9lanine) de la peau, entra\u00eenant l'apparition de taches brunes caus\u00e9es par l'action du soleil, du vieillissement ou de facteurs hormonaux comme le m\u00e9lasma. <\/p><p>Les traitements \u00e0 base de lumi\u00e8re et de laser d'Alma \u00e9liminent ces l\u00e9sions en traitant la m\u00e9lanine dans la zone sombre et en r\u00e9v\u00e9lant une peau uniforme et sans imperfections.<\/p><p>Ces traitements ont \u00e9t\u00e9 express\u00e9ment con\u00e7us pour le confort du patient et sont s\u00fbrs et efficaces pour tous les types de peau, y compris les peaux fonc\u00e9es.<\/p><\/blockquote>\n\n\n\n<div style=\"height:32px\" aria-hidden=\"true\" class=\"wp-block-spacer\"><\/div>\n\n\n\n<h2 class=\"wp-block-heading\">Rajeunissement de la peau<\/h2>\n\n\n\n<p><strong>3 lignes de traitements de rajeunissement<\/strong>&nbsp;de la peau.<\/p>\n\n\n\n<p><strong><a href=\"https:\/\/www.almalasersmedica.es\/tratamientos\/rejuvenecimiento-de-la-piel-luz-pulsada\/\"><br>Rajeunissement de la peau par lumi\u00e8re puls\u00e9e<\/a><\/strong><\/p>\n\n\n\n<p><a href=\"https:\/\/www.almalasersmedica.es\/tratamientos\/rejuvenecimiento-fraccional-no-ablativo\/\"><strong>Rajeunissement fractionnel non ablatif<\/strong><\/a><\/p>\n\n\n\n<p><strong><a href=\"https:\/\/www.almalasersmedica.es\/tratamientos\/rejuvenecimiento-fraccional-ablativo\/\">Rajeunissement Fractionnel Ablatif<\/a><\/strong><\/p>\n\n\n\n<p>La combinaison de diff\u00e9rentes sources d'\u00e9nergie et technologies nous permet d'offrir&nbsp;<strong>d'excellents r\u00e9sultats plus rapides, sans incapacit\u00e9 ou avec une incapacit\u00e9 minimale du patient et un rajeunissement complet&nbsp;<\/strong>(abordant plusieurs probl\u00e8mes en une seule session).&nbsp;<\/p>\n\n\n\n<div style=\"height:32px\" aria-hidden=\"true\" class=\"wp-block-spacer\"><\/div>\n\n\n\n<h2 class=\"wp-block-heading\">Traitement pour l'\u00e9limination des rides et le rajeunissement du visage<\/h2>\n\n\n\n<p>Au fil des ann\u00e9es, de l'action du soleil et des mauvaises habitudes, la peau commence \u00e0 montrer des changements de tonus et d'\u00e9lasticit\u00e9, apparaissant ainsi&nbsp;<strong>premi\u00e8res rides, rides d'expression et signes de flaccidit\u00e9<\/strong>.&nbsp;<\/p>\n\n\n\n<p>En raison de sa popularit\u00e9 croissante, le&nbsp;<strong>raffermissement de la peau et traitement des imperfections telles que les rides<\/strong>&nbsp;est devenu une application n\u00e9cessaire et prioritaire pour SHIM CL\u00cdNIC et c'est pourquoi nous disposons de diff\u00e9rentes technologies, cliniquement prouv\u00e9es, pour r\u00e9soudre ces probl\u00e8mes de mani\u00e8re tr\u00e8s confortable et totalement s\u00fbre.<\/p>\n\n\n\n<div style=\"height:30px\" aria-hidden=\"true\" class=\"wp-block-spacer\"><\/div>\n\n\n\n<h2 class=\"wp-block-heading\">Cicatrices<\/h2>\n\n\n\n<div class=\"wp-block-media-text alignwide is-stacked-on-mobile\"><figure class=\"wp-block-media-text__media\"><img loading=\"lazy\" decoding=\"async\" width=\"326\" height=\"180\" src=\"http:\/\/shimclinic.es\/wp-content\/uploads\/2021\/05\/image.png\" alt=\"\" class=\"wp-image-9966\" srcset=\"http:\/\/shimclinic.es\/wp-content\/uploads\/2021\/05\/image.png 326w, http:\/\/shimclinic.es\/wp-content\/uploads\/2021\/05\/image-300x166.png 300w\" sizes=\"(max-width: 326px) 100vw, 326px\" \/><\/figure><div class=\"wp-block-media-text__content\">\n<blockquote class=\"wp-block-quote is-layout-flow wp-block-quote-is-layout-flow\"><p>Nous voulons tous avoir une peau lisse et sans imperfections. L'un des traitements les plus demand\u00e9s est l'am\u00e9lioration des cicatrices, des imperfections et des l\u00e9sions cutan\u00e9es de toutes sortes.<\/p><p>La cicatrice est le r\u00e9sultat final du processus physiologique de r\u00e9paration tissulaire en cas de plaie. Il existe plusieurs types de cicatrices, selon leur origine (r\u00e9sultant d'infections, d'interventions chirurgicales, de blessures ou d'inflammation des tissus) et leur forme et\/ou composition (plates, bomb\u00e9es, enfonc\u00e9es, avec pr\u00e9sence ou non de pigment, avec vascularisation, ...)<\/p><p>La technologie s'est av\u00e9r\u00e9e \u00eatre une alternative de traitement tr\u00e8s efficace pour les cicatrices (acn\u00e9, hypertrophique, ch\u00e9lo\u00efde, hyperpigment\u00e9e, hypopigment\u00e9e,...)<\/p><\/blockquote>\n<\/div><\/div>\n\n\n\n<p><\/p>\n\n\n\n<p><\/p>\n\n\n\n<p><\/p>\n\n\n\n<p>A la clinique de <strong>SHIM CL\u00cdNIC<\/strong> nous avons une s\u00e9rie de <strong>technologies tr\u00e8s efficaces<\/strong> qui offrent un traitement pour les <strong>cicatrices<\/strong>. La plupart de ces technologies reposent sur leur capacit\u00e9 \u00e0 induire des dommages thermiques \u00e0 la peau, en surface et\/ou en profondeur, pour <strong>activer sa r\u00e9g\u00e9n\u00e9ration.<\/strong>.<\/p>\n\n\n\n<div style=\"height:32px\" aria-hidden=\"true\" class=\"wp-block-spacer\"><\/div>\n\n\n\n<h2 class=\"has-text-align-right wp-block-heading\">Psoriasis<\/h2>\n\n\n\n<div class=\"wp-block-media-text alignwide has-media-on-the-right is-stacked-on-mobile\"><figure class=\"wp-block-media-text__media\"><img loading=\"lazy\" decoding=\"async\" width=\"567\" height=\"369\" src=\"http:\/\/shimclinic.es\/wp-content\/uploads\/2021\/05\/image-1.png\" alt=\"\" class=\"wp-image-9969\" srcset=\"http:\/\/shimclinic.es\/wp-content\/uploads\/2021\/05\/image-1.png 567w, http:\/\/shimclinic.es\/wp-content\/uploads\/2021\/05\/image-1-300x195.png 300w\" sizes=\"(max-width: 567px) 100vw, 567px\" \/><\/figure><div class=\"wp-block-media-text__content\">\n<blockquote class=\"wp-block-quote is-layout-flow wp-block-quote-is-layout-flow\"><p>Le laser est un traitement alternatif pour les patients atteints de psoriasis qui se caract\u00e9rise par l'absence de m\u00e9dicaments, la r\u00e9duction du nombre de s\u00e9ances n\u00e9cessaires au traitement et par la rapidit\u00e9 des s\u00e9ances, quelques minutes suffisent.<\/p><\/blockquote>\n<\/div><\/div>\n\n\n\n<p>&nbsp;<\/p>\n\n\n\n<div style=\"height:32px\" aria-hidden=\"true\" class=\"wp-block-spacer\"><\/div>\n\n\n\n<h2 class=\"wp-block-heading\">Vergetures<\/h2>\n\n\n\n<figure class=\"wp-block-image size-large is-resized\"><img loading=\"lazy\" decoding=\"async\" src=\"http:\/\/shimclinic.es\/wp-content\/uploads\/2021\/05\/image-2.png\" alt=\"\" class=\"wp-image-9972\" width=\"521\" height=\"287\"\/><\/figure>\n\n\n\n<p>Aussi bien avec<strong>&nbsp;le laser fractionn\u00e9 non ablatif <\/strong>qu'avec&nbsp;<strong>le laser CO2 ablatif<\/strong> une am\u00e9lioration&nbsp;<strong>tr\u00e8s significative<\/strong> de l'apparence des vergetures est obtenue.<\/p>","protected":false},"excerpt":{"rendered":"<p>Tratamientos con tecnolog\u00edas luz y l\u00e1ser para arrugas, ros\u00e1cea, manchas, lesiones pigmentadas\u2026 En una primera consulta de diagn\u00f3stico gratuito, el equipo de expertos de Shim Cl\u00ednic le recomendar\u00e1 el tratamiento m\u00e1s id\u00f3neo para: Imperfecciones cut\u00e1neas. Rejuvenecimiento de la piel fraccional ablativo. Resurfacing. Arrugas y l\u00edneas de expresi\u00f3n. Cicatrices de acn\u00e9. Hiperpigmentaci\u00f3n. Micropigmentaci\u00f3n. Ros\u00e1cea. Acn\u00e9. Equilibrar [&hellip;]<\/p>","protected":false},"author":1,"featured_media":0,"parent":9546,"menu_order":0,"comment_status":"closed","ping_status":"closed","template":"","meta":{"footnotes":""},"_links":{"self":[{"href":"http:\/\/shimclinic.es\/fr\/wp-json\/wp\/v2\/pages\/9586"}],"collection":[{"href":"http:\/\/shimclinic.es\/fr\/wp-json\/wp\/v2\/pages"}],"about":[{"href":"http:\/\/shimclinic.es\/fr\/wp-json\/wp\/v2\/types\/page"}],"author":[{"embeddable":true,"href":"http:\/\/shimclinic.es\/fr\/wp-json\/wp\/v2\/users\/1"}],"replies":[{"embeddable":true,"href":"http:\/\/shimclinic.es\/fr\/wp-json\/wp\/v2\/comments?post=9586"}],"version-history":[{"count":22,"href":"http:\/\/shimclinic.es\/fr\/wp-json\/wp\/v2\/pages\/9586\/revisions"}],"predecessor-version":[{"id":10053,"href":"http:\/\/shimclinic.es\/fr\/wp-json\/wp\/v2\/pages\/9586\/revisions\/10053"}],"up":[{"embeddable":true,"href":"http:\/\/shimclinic.es\/fr\/wp-json\/wp\/v2\/pages\/9546"}],"wp:attachment":[{"href":"http:\/\/shimclinic.es\/fr\/wp-json\/wp\/v2\/media?parent=9586"}],"curies":[{"name":"wp","href":"https:\/\/api.w.org\/{rel}","templated":true}]}}