{"id":9607,"date":"2020-11-24T08:51:44","date_gmt":"2020-11-24T07:51:44","guid":{"rendered":"http:\/\/18.198.46.52\/?page_id=9607"},"modified":"2021-05-05T13:10:16","modified_gmt":"2021-05-05T11:10:16","slug":"carboxiterapia","status":"publish","type":"page","link":"http:\/\/shimclinic.es\/fr\/servicios\/tratamientos\/carboxiterapia\/","title":{"rendered":"Carboxyth\u00e9rapie"},"content":{"rendered":"<p>La carboxyth\u00e9rapie est un traitement qui utilise le gaz carbonique pour le traitement des insuffisances circulatoires p\u00e9riph\u00e9riques et pour les traitements m\u00e9dico-esth\u00e9tiques. C'est un gaz qui est inject\u00e9 <strong>dans le tissu adipeux, <\/strong>produisant une diminution de celui-ci sur le territoire de <strong>l'ob\u00e9sit\u00e9 localis\u00e9e <\/strong>et dans le traitement de la <strong>cellulite<\/strong>Parce qu'il augmente la microcirculation, il peut \u00e9galement \u00eatre indiqu\u00e9 pour am\u00e9liorer <strong>les cicatrices,<\/strong> <strong>les vergetures, l'alop\u00e9cie.<\/strong>\u00e9claircir <strong>les cernes<\/strong> et am\u00e9liorer <strong>la flaccidit\u00e9<\/strong> de la peau du visage et du corps.<\/p>\n\n\n\n<p><\/p>\n\n\n\n<p>Elle consiste en l'administration de <strong>petites doses <\/strong>de gaz (CO2), en faisant un nombre variable de petites piq\u00fbres dans la peau de gaz (CO2),<strong> en faisant un nombre variable de petites piq\u00fbres dans la peau. <\/strong><\/p>\n\n\n\n<p>L'utilisation du dioxyde de carbone provoque une <strong>r\u00e9action favorable<\/strong> dans notre corps, ce qui permet d'obtenir <strong>de tr\u00e8s bons r\u00e9sultats<\/strong> dans le domaine de la m\u00e9decine <strong>esth\u00e9tique, de la dermatologie, de la phl\u00e9bologie, de l'orthop\u00e9die et de la rhumatologie<\/strong> et <strong>de la trichologie,<\/strong> entre autres.<\/p>\n\n\n\n<div style=\"height:33px\" aria-hidden=\"true\" class=\"wp-block-spacer\"><\/div>\n\n\n\n<div class=\"wp-block-media-text alignwide is-stacked-on-mobile\"><figure class=\"wp-block-media-text__media\"><img loading=\"lazy\" decoding=\"async\" width=\"1024\" height=\"534\" src=\"http:\/\/shimclinic.es\/wp-content\/uploads\/2021\/05\/VENUSIAN-P-1024x534.jpg\" alt=\"\" class=\"wp-image-10055\" srcset=\"http:\/\/shimclinic.es\/wp-content\/uploads\/2021\/05\/VENUSIAN-P-1024x534.jpg 1024w, http:\/\/shimclinic.es\/wp-content\/uploads\/2021\/05\/VENUSIAN-P-300x156.jpg 300w, http:\/\/shimclinic.es\/wp-content\/uploads\/2021\/05\/VENUSIAN-P-768x400.jpg 768w, http:\/\/shimclinic.es\/wp-content\/uploads\/2021\/05\/VENUSIAN-P-1536x801.jpg 1536w, http:\/\/shimclinic.es\/wp-content\/uploads\/2021\/05\/VENUSIAN-P.jpg 1669w\" sizes=\"(max-width: 1024px) 100vw, 1024px\" \/><\/figure><div class=\"wp-block-media-text__content\">\n<blockquote class=\"wp-block-quote is-layout-flow wp-block-quote-is-layout-flow\"><p>A la clinique de <strong>SHIM CL\u00cdNIC<\/strong> Nous utilisons le <strong>Venusian CO2 Therapy <\/strong>qui est un dispositif m\u00e9dical extr\u00eamement polyvalent et tr\u00e8s appr\u00e9ci\u00e9 dans le monde entier pour \u00eatre <strong>le seul <\/strong>sur le march\u00e9 qui r\u00e9duit drastiquement tout inconfort pour le patient.<\/p><\/blockquote>\n<\/div><\/div>\n\n\n\n<p><br><\/p>\n\n\n\n<p><\/p>\n\n\n\n<p><strong>Ceuta <\/strong>Ceuta a d\u00e9j\u00e0 une nouvelle r\u00e9f\u00e9rence <strong>pour le syst\u00e8me m\u00e9dical avanc\u00e9<\/strong> VENUSIAN CO2. Chez <strong>SHIM CL\u00cdNIC<\/strong>&nbsp;&nbsp;vous pourrez b\u00e9n\u00e9ficier des avantages de cette technologie et obtenir le r\u00e9sultat que vous recherchez dans le traitement de <strong>rajeunissement de la peau,<\/strong>, <strong>du remodelage du visage et du corps<\/strong> et des traitements des douleurs musculaires et articulaires, entre autres.<\/p>\n\n\n\n<div style=\"height:81px\" aria-hidden=\"true\" class=\"wp-block-spacer\"><\/div>\n\n\n\n<div class=\"wp-block-media-text alignwide has-media-on-the-right is-stacked-on-mobile\" style=\"grid-template-columns:auto 80%\"><figure class=\"wp-block-media-text__media\"><img loading=\"lazy\" decoding=\"async\" width=\"1024\" height=\"764\" src=\"http:\/\/shimclinic.es\/wp-content\/uploads\/2021\/05\/VENUSIAN-1024x764.jpg\" alt=\"\" class=\"wp-image-10058\" srcset=\"http:\/\/shimclinic.es\/wp-content\/uploads\/2021\/05\/VENUSIAN-1024x764.jpg 1024w, http:\/\/shimclinic.es\/wp-content\/uploads\/2021\/05\/VENUSIAN-300x224.jpg 300w, http:\/\/shimclinic.es\/wp-content\/uploads\/2021\/05\/VENUSIAN-768x573.jpg 768w, http:\/\/shimclinic.es\/wp-content\/uploads\/2021\/05\/VENUSIAN-1536x1146.jpg 1536w, http:\/\/shimclinic.es\/wp-content\/uploads\/2021\/05\/VENUSIAN.jpg 1561w\" sizes=\"(max-width: 1024px) 100vw, 1024px\" \/><\/figure><div class=\"wp-block-media-text__content\">\n<blockquote class=\"wp-block-quote is-layout-flow wp-block-quote-is-layout-flow\"><p><strong>COMMENT SONT LES TRAITEMENTS ?<\/strong><\/p><\/blockquote>\n\n\n\n<ul id=\"block-16e13410-7f99-4719-b1bd-17c2ab745f7a\"><li><strong>Rapide<\/strong> et confortable pour le patient.<\/li><li>Juste un peu envahissant<\/li><li>Pratiquement <strong>indolore<\/strong><\/li><li>Tr\u00e8s <strong>efficace<\/strong><\/li><li>100% <strong>S\u00fbr \u00e0 cent pour cent<\/strong><\/li><\/ul>\n\n\n\n<p>A la clinique de <strong>m\u00e9decine esth\u00e9tique<\/strong>, nous utilisons ce traitement pour lutter contre les probl\u00e8mes de :<\/p>\n\n\n\n<ul id=\"block-8bcc7d77-749f-4e36-8344-bada9ecf271e\"><li>Cellulite<\/li><li>Graisse localis\u00e9e<\/li><li>Rel\u00e2chement cutan\u00e9<\/li><li>Vergetures et cicatrices<\/li><li>Vieillissement cutan\u00e9<\/li><\/ul>\n\n\n\n<p>A la clinique de <strong>DERMATOLOGIE,<\/strong> pour traiter des pathologies telles que :<\/p>\n\n\n\n<ul id=\"block-9cf0402a-516e-44d8-9b75-ab1cd77b8f30\"><li>Psoriasis<\/li><li>Ecz\u00e9ma<\/li><li>Ulc\u00e8res<\/li><li>Chute de cheveux<\/li><\/ul>\n\n\n\n<p><\/p>\n<\/div><\/div>\n\n\n\n<p><\/p>\n\n\n\n<p><\/p>\n\n\n\n<p><\/p>\n\n\n\n<div style=\"height:76px\" aria-hidden=\"true\" class=\"wp-block-spacer\"><\/div>\n\n\n\n<div class=\"wp-block-media-text alignwide has-media-on-the-right is-stacked-on-mobile\" style=\"grid-template-columns:auto 26%\"><figure class=\"wp-block-media-text__media\"><img loading=\"lazy\" decoding=\"async\" width=\"580\" height=\"1024\" src=\"http:\/\/shimclinic.es\/wp-content\/uploads\/2021\/05\/VEN-CARRO-580x1024.jpg\" alt=\"\" class=\"wp-image-10064\" srcset=\"http:\/\/shimclinic.es\/wp-content\/uploads\/2021\/05\/VEN-CARRO-580x1024.jpg 580w, http:\/\/shimclinic.es\/wp-content\/uploads\/2021\/05\/VEN-CARRO-170x300.jpg 170w, http:\/\/shimclinic.es\/wp-content\/uploads\/2021\/05\/VEN-CARRO.jpg 683w\" sizes=\"(max-width: 580px) 100vw, 580px\" \/><\/figure><div class=\"wp-block-media-text__content\">\n<p class=\"has-text-align-center has-large-font-size\"><strong>Venusian CO2<\/strong> technologie <\/p>\n\n\n\n<p><\/p>\n\n\n\n<p class=\"has-text-align-center has-large-font-size\">qui <strong>garantit<\/strong> une <\/p>\n\n\n\n<p><\/p>\n\n\n\n<p class=\"has-text-align-center has-large-font-size\">livraison surveill\u00e9e, st\u00e9rile et <\/p>\n\n\n\n<p><\/p>\n\n\n\n<p class=\"has-text-align-center has-large-font-size\">personnalis\u00e9, reconnu <\/p>\n\n\n\n<p><\/p>\n\n\n\n<p class=\"has-text-align-center has-large-font-size\">par les <strong>Organisations de Sant\u00e9<\/strong><\/p>\n\n\n\n<p><\/p>\n\n\n\n<p class=\"has-text-align-center has-large-font-size\"> <strong>de<\/strong> <strong>la communaut\u00e9<\/strong><\/p>\n\n\n\n<p><\/p>\n\n\n\n<p class=\"has-text-align-center has-large-font-size\"> <strong>Europ\u00e9en.<\/strong><\/p>\n<\/div><\/div>\n\n\n\n<p><\/p>\n\n\n\n<p><\/p>\n\n\n\n<p><\/p>\n\n\n\n<p><\/p>\n\n\n\n<p><\/p>\n\n\n\n<p><\/p>\n\n\n\n<div style=\"height:49px\" aria-hidden=\"true\" class=\"wp-block-spacer\"><\/div>","protected":false},"excerpt":{"rendered":"<p>La carboxiterapia es un tratamiento que utiliza el gas anh\u00eddrido carb\u00f3nico para el tratamiento de las insuficiencias circulatorias perif\u00e9ricas y para tratamientos medico est\u00e9ticos. Es un gas que se inyecta en el tejido graso produciendo una disminuci\u00f3n del mismo en el territorio de las obesidades localizadas y en el tratamiento de las celulitis. Debido a [&hellip;]<\/p>","protected":false},"author":1,"featured_media":0,"parent":9546,"menu_order":0,"comment_status":"closed","ping_status":"closed","template":"","meta":{"footnotes":""},"_links":{"self":[{"href":"http:\/\/shimclinic.es\/fr\/wp-json\/wp\/v2\/pages\/9607"}],"collection":[{"href":"http:\/\/shimclinic.es\/fr\/wp-json\/wp\/v2\/pages"}],"about":[{"href":"http:\/\/shimclinic.es\/fr\/wp-json\/wp\/v2\/types\/page"}],"author":[{"embeddable":true,"href":"http:\/\/shimclinic.es\/fr\/wp-json\/wp\/v2\/users\/1"}],"replies":[{"embeddable":true,"href":"http:\/\/shimclinic.es\/fr\/wp-json\/wp\/v2\/comments?post=9607"}],"version-history":[{"count":22,"href":"http:\/\/shimclinic.es\/fr\/wp-json\/wp\/v2\/pages\/9607\/revisions"}],"predecessor-version":[{"id":10078,"href":"http:\/\/shimclinic.es\/fr\/wp-json\/wp\/v2\/pages\/9607\/revisions\/10078"}],"up":[{"embeddable":true,"href":"http:\/\/shimclinic.es\/fr\/wp-json\/wp\/v2\/pages\/9546"}],"wp:attachment":[{"href":"http:\/\/shimclinic.es\/fr\/wp-json\/wp\/v2\/media?parent=9607"}],"curies":[{"name":"wp","href":"https:\/\/api.w.org\/{rel}","templated":true}]}}