{"id":9609,"date":"2020-11-24T08:52:09","date_gmt":"2020-11-24T07:52:09","guid":{"rendered":"http:\/\/18.198.46.52\/?page_id=9609"},"modified":"2023-01-31T12:33:58","modified_gmt":"2023-01-31T11:33:58","slug":"carboxiterapiamesoterapia","status":"publish","type":"page","link":"http:\/\/shimclinic.es\/fr\/servicios\/tratamientos\/carboxiterapiamesoterapia\/","title":{"rendered":"Carboxyth\u00e9rapie+M\u00e9soth\u00e9rapie"},"content":{"rendered":"<p>La carboxyth\u00e9rapie est un traitement qui utilise le gaz carbonique pour le traitement des insuffisances circulatoires p\u00e9riph\u00e9riques et pour les traitements m\u00e9dico-esth\u00e9tiques. <\/p>\n\n\n\n<p>C'est un gaz qui est inject\u00e9 dans le tissu adipeux, produisant une diminution de celui-ci sur le territoire de l'ob\u00e9sit\u00e9 localis\u00e9e et dans le traitement de la cellulite. <\/p>\n\n\n\n<p>Parce qu'il augmente la microcirculation, il est indiqu\u00e9 pour am\u00e9liorer <strong>les cicatrices, les vergetures, l'alop\u00e9cie, \u00e9claircir les cernes sous les yeux et am\u00e9liorer la flaccidit\u00e9 de la peau du visage et du corps.<\/strong><\/p>\n\n\n\n<p><strong>Venusian CO2<\/strong>la plateforme de carboxyth\u00e9rapie de Shim Cl\u00ednic, est la seule technologie qui garantit une livraison contr\u00f4l\u00e9e, st\u00e9rile et personnalis\u00e9e, reconnue par les organismes de sant\u00e9 de la Communaut\u00e9 europ\u00e9enne.<\/p>\n\n\n\n<p>La <strong>m\u00e9soth\u00e9rapie<\/strong> ou intradermoth\u00e9rapie consiste en l'infiltration intradermique (m\u00e9soderme) de diff\u00e9rents types de m\u00e9dicaments, selon l'effet recherch\u00e9.<\/p>\n\n\n\n<p>L'association de la carboxyth\u00e9rapie et de la m\u00e9soth\u00e9rapie donne d'excellents r\u00e9sultats.<\/p>","protected":false},"excerpt":{"rendered":"<p>La carboxiterapia es un tratamiento que utiliza el gas anh\u00eddrido carb\u00f3nico para el tratamiento de las insuficiencias circulatorias perif\u00e9ricas y para tratamientos medico est\u00e9ticos. Es un gas que se inyecta en el tejido graso produciendo una disminuci\u00f3n del mismo en el territorio de las obesidades localizadas y en el tratamiento de la celulitis. Debido a [&hellip;]<\/p>","protected":false},"author":1,"featured_media":0,"parent":9546,"menu_order":0,"comment_status":"closed","ping_status":"closed","template":"","meta":{"footnotes":""},"_links":{"self":[{"href":"http:\/\/shimclinic.es\/fr\/wp-json\/wp\/v2\/pages\/9609"}],"collection":[{"href":"http:\/\/shimclinic.es\/fr\/wp-json\/wp\/v2\/pages"}],"about":[{"href":"http:\/\/shimclinic.es\/fr\/wp-json\/wp\/v2\/types\/page"}],"author":[{"embeddable":true,"href":"http:\/\/shimclinic.es\/fr\/wp-json\/wp\/v2\/users\/1"}],"replies":[{"embeddable":true,"href":"http:\/\/shimclinic.es\/fr\/wp-json\/wp\/v2\/comments?post=9609"}],"version-history":[{"count":6,"href":"http:\/\/shimclinic.es\/fr\/wp-json\/wp\/v2\/pages\/9609\/revisions"}],"predecessor-version":[{"id":10308,"href":"http:\/\/shimclinic.es\/fr\/wp-json\/wp\/v2\/pages\/9609\/revisions\/10308"}],"up":[{"embeddable":true,"href":"http:\/\/shimclinic.es\/fr\/wp-json\/wp\/v2\/pages\/9546"}],"wp:attachment":[{"href":"http:\/\/shimclinic.es\/fr\/wp-json\/wp\/v2\/media?parent=9609"}],"curies":[{"name":"wp","href":"https:\/\/api.w.org\/{rel}","templated":true}]}}