{"id":9631,"date":"2020-11-24T09:06:47","date_gmt":"2020-11-24T08:06:47","guid":{"rendered":"http:\/\/18.198.46.52\/?page_id=9631"},"modified":"2020-12-04T00:52:05","modified_gmt":"2020-12-03T23:52:05","slug":"accent-prime-de-alma","status":"publish","type":"page","link":"http:\/\/shimclinic.es\/fr\/servicios\/aparatologia\/accent-prime-de-alma\/","title":{"rendered":"Accent Prime de Alma"},"content":{"rendered":"<div class=\"vc_row wpb_row vc_row-fluid\"><div class=\"wpb_column vc_column_container vc_col-sm-6\"><div class=\"vc_column-inner\"><div class=\"wpb_wrapper\">\n\t<div class=\"wpb_text_column wpb_content_element\" >\n\t\t<div class=\"wpb_wrapper\">\n\t\t\t<p>Accent Prime est le dernier ajout \u00e0 la famille de produits Alma Lasers ACCENT pour les traitements de remodelage du corps et du visage, l'am\u00e9lioration de la cellulite, le raffermissement et le resurfa\u00e7age de la peau, entre autres. Cette plate-forme leader combine les innovations les plus avanc\u00e9es des technologies d'ultrasons et de radiofr\u00e9quence UniPolar\u2122 pour effectuer des traitements hautement personnalis\u00e9s, efficaces et rapides avec des r\u00e9sultats durables.<\/p>\n\n\t\t<\/div>\n\t<\/div>\n<div class='text-with-icon'><span class='icon icon-linked'> <\/span><a title='Plus d&#039;informations' target=' _blank' href='http:\/\/www.almalasersmedica.es\/productos\/accent-prime\/'>Plus d'informations<\/a><\/div><\/div><\/div><\/div><div class=\"wpb_column vc_column_container vc_col-sm-6\"><div class=\"vc_column-inner\"><div class=\"wpb_wrapper\">\n\t<div class=\"wpb_text_column wpb_content_element\" >\n\t\t<div class=\"wpb_wrapper\">\n\t\t\t<p><img loading=\"lazy\" decoding=\"async\" width=\"1024\" height=\"1024\" class=\"wp-image-9761\" src=\"http:\/\/shimclinic.es\/wp-content\/uploads\/2020\/11\/accent-prime-1024x1024.png\" alt=\"\" srcset=\"http:\/\/shimclinic.es\/wp-content\/uploads\/2020\/11\/accent-prime-1024x1024.png 1024w, http:\/\/shimclinic.es\/wp-content\/uploads\/2020\/11\/accent-prime-300x300.png 300w, http:\/\/shimclinic.es\/wp-content\/uploads\/2020\/11\/accent-prime-150x150.png 150w, http:\/\/shimclinic.es\/wp-content\/uploads\/2020\/11\/accent-prime-768x768.png 768w, http:\/\/shimclinic.es\/wp-content\/uploads\/2020\/11\/accent-prime.png 1080w\" sizes=\"(max-width: 1024px) 100vw, 1024px\" \/><\/p>\n\n\t\t<\/div>\n\t<\/div>\n<\/div><\/div><\/div><\/div>","protected":false},"excerpt":{"rendered":"Accent Prime es la \u00faltima incorporaci\u00f3n en la familia de productos ACCENT de Alma Lasers para realizar tratamientos de remodelaci\u00f3n corporal y facial, mejora de la celulitis, tensado y resurfacing de la piel, entre otros. Esta plataforma l\u00edder combina las m\u00e1s avanzadas innovaciones en tecnolog\u00edas de ultrasonidos y radiofrecuencia UniPolar\u2122 para realizar tratamientos altamente personalizados, [...]","protected":false},"author":1,"featured_media":0,"parent":9625,"menu_order":0,"comment_status":"closed","ping_status":"closed","template":"","meta":{"footnotes":""},"_links":{"self":[{"href":"http:\/\/shimclinic.es\/fr\/wp-json\/wp\/v2\/pages\/9631"}],"collection":[{"href":"http:\/\/shimclinic.es\/fr\/wp-json\/wp\/v2\/pages"}],"about":[{"href":"http:\/\/shimclinic.es\/fr\/wp-json\/wp\/v2\/types\/page"}],"author":[{"embeddable":true,"href":"http:\/\/shimclinic.es\/fr\/wp-json\/wp\/v2\/users\/1"}],"replies":[{"embeddable":true,"href":"http:\/\/shimclinic.es\/fr\/wp-json\/wp\/v2\/comments?post=9631"}],"version-history":[{"count":8,"href":"http:\/\/shimclinic.es\/fr\/wp-json\/wp\/v2\/pages\/9631\/revisions"}],"predecessor-version":[{"id":9860,"href":"http:\/\/shimclinic.es\/fr\/wp-json\/wp\/v2\/pages\/9631\/revisions\/9860"}],"up":[{"embeddable":true,"href":"http:\/\/shimclinic.es\/fr\/wp-json\/wp\/v2\/pages\/9625"}],"wp:attachment":[{"href":"http:\/\/shimclinic.es\/fr\/wp-json\/wp\/v2\/media?parent=9631"}],"curies":[{"name":"wp","href":"https:\/\/api.w.org\/{rel}","templated":true}]}}