{"id":9633,"date":"2020-11-24T09:07:06","date_gmt":"2020-11-24T08:07:06","guid":{"rendered":"http:\/\/18.198.46.52\/?page_id=9633"},"modified":"2020-12-04T00:56:02","modified_gmt":"2020-12-03T23:56:02","slug":"slimup-de-irradia","status":"publish","type":"page","link":"http:\/\/shimclinic.es\/fr\/servicios\/aparatologia\/slimup-de-irradia\/","title":{"rendered":"SlimUP de Irradia"},"content":{"rendered":"<div class=\"vc_row wpb_row vc_row-fluid\"><div class=\"wpb_column vc_column_container vc_col-sm-6\"><div class=\"vc_column-inner\"><div class=\"wpb_wrapper\">\n\t<div class=\"wpb_text_column wpb_content_element\" >\n\t\t<div class=\"wpb_wrapper\">\n\t\t\t<p>SlimUP\u00ae propose un nouveau concept de soin corporel, \u00e9troitement cadr\u00e9 dans le concept de bien-\u00eatre physique du point de vue de la Sant\u00e9 et de l'Esth\u00e9tique. La technologie SlimUP\u00ae r\u00e9alise un v\u00e9ritable entra\u00eenement physique qui permet de tonifier, d\u00e9velopper et d\u00e9finir les muscles en 30 minutes, tout en r\u00e9duisant les graisses issues de l'exercice musculaire.<\/p>\n\n\t\t<\/div>\n\t<\/div>\n<div class='text-with-icon'><span class='icon icon-linked'> <\/span><a title='Plus d&#039;informations' target=' _blank' href='http:\/\/www.irradia.com.es\/tecnologias\/slimup\/'>Plus d'informations<\/a><\/div><\/div><\/div><\/div><div class=\"wpb_column vc_column_container vc_col-sm-6\"><div class=\"vc_column-inner\"><div class=\"wpb_wrapper\">\n\t<div class=\"wpb_text_column wpb_content_element\" >\n\t\t<div class=\"wpb_wrapper\">\n\t\t\t<p><img loading=\"lazy\" decoding=\"async\" width=\"1000\" height=\"1000\" class=\"wp-image-9809\" src=\"http:\/\/shimclinic.es\/wp-content\/uploads\/2020\/12\/BANNER-SlimUP-1x1-irradia.jpg\" alt=\"\" srcset=\"http:\/\/shimclinic.es\/wp-content\/uploads\/2020\/12\/BANNER-SlimUP-1x1-irradia.jpg 1000w, http:\/\/shimclinic.es\/wp-content\/uploads\/2020\/12\/BANNER-SlimUP-1x1-irradia-300x300.jpg 300w, http:\/\/shimclinic.es\/wp-content\/uploads\/2020\/12\/BANNER-SlimUP-1x1-irradia-150x150.jpg 150w, http:\/\/shimclinic.es\/wp-content\/uploads\/2020\/12\/BANNER-SlimUP-1x1-irradia-768x768.jpg 768w\" sizes=\"(max-width: 1000px) 100vw, 1000px\" \/><\/p>\n\n\t\t<\/div>\n\t<\/div>\n<\/div><\/div><\/div><\/div>","protected":false},"excerpt":{"rendered":"SlimUP\u00ae ofrece un nuevo concepto de tratamiento corporal, muy enmarcado en el concepto del bienestar f\u00edsico desde el punto de vista de la Salud y la Est\u00e9tica. La tecnolog\u00eda de SlimUP\u00ae realiza un entrenamiento f\u00edsico real que permite tonificar, desarrollar y definir musculatura en 30 minutos, al mismo tiempo que reduce grasa fruto del ejercicio [...]","protected":false},"author":1,"featured_media":0,"parent":9625,"menu_order":0,"comment_status":"closed","ping_status":"closed","template":"","meta":{"footnotes":""},"_links":{"self":[{"href":"http:\/\/shimclinic.es\/fr\/wp-json\/wp\/v2\/pages\/9633"}],"collection":[{"href":"http:\/\/shimclinic.es\/fr\/wp-json\/wp\/v2\/pages"}],"about":[{"href":"http:\/\/shimclinic.es\/fr\/wp-json\/wp\/v2\/types\/page"}],"author":[{"embeddable":true,"href":"http:\/\/shimclinic.es\/fr\/wp-json\/wp\/v2\/users\/1"}],"replies":[{"embeddable":true,"href":"http:\/\/shimclinic.es\/fr\/wp-json\/wp\/v2\/comments?post=9633"}],"version-history":[{"count":7,"href":"http:\/\/shimclinic.es\/fr\/wp-json\/wp\/v2\/pages\/9633\/revisions"}],"predecessor-version":[{"id":9863,"href":"http:\/\/shimclinic.es\/fr\/wp-json\/wp\/v2\/pages\/9633\/revisions\/9863"}],"up":[{"embeddable":true,"href":"http:\/\/shimclinic.es\/fr\/wp-json\/wp\/v2\/pages\/9625"}],"wp:attachment":[{"href":"http:\/\/shimclinic.es\/fr\/wp-json\/wp\/v2\/media?parent=9633"}],"curies":[{"name":"wp","href":"https:\/\/api.w.org\/{rel}","templated":true}]}}