{"id":9654,"date":"2020-11-24T09:14:00","date_gmt":"2020-11-24T08:14:00","guid":{"rendered":"http:\/\/18.198.46.52\/?page_id=9654"},"modified":"2022-07-04T13:53:18","modified_gmt":"2022-07-04T11:53:18","slug":"rellenos-faciales-acido-hialuronico","status":"publish","type":"page","link":"http:\/\/shimclinic.es\/fr\/servicios\/tratamientos\/rellenos-faciales-acido-hialuronico\/","title":{"rendered":"Comblement facial"},"content":{"rendered":"<div class=\"vc_row wpb_row vc_row-fluid\"><div class=\"wpb_column vc_column_container vc_col-sm-12\"><div class=\"vc_column-inner\"><div class=\"wpb_wrapper\">\n\t<div class=\"wpb_text_column wpb_content_element\" >\n\t\t<div class=\"wpb_wrapper\">\n\t\t\t<figure><\/figure>\n<figure class=\"wp-block-image size-large\">Leurs <strong>effets b\u00e9n\u00e9fiques pour la peau <\/strong>sont une <strong>plus grande hydratation <\/strong>et pendant que dure l'effet de l'implant, un remodelage facial harmonieux avec le remplacement des volumes perdus.<\/figure>\n<p><!-- \/wp:paragraph --><\/p>\n<p>&nbsp;<\/p>\n<p><!-- wp:spacer {\"height\":76} --><!-- \/wp:spacer --><\/p>\n<p>&nbsp;<\/p>\n<p><!-- wp:media-text {\"mediaId\":10010,\"mediaLink\":\"http:\/\/shimclinic.es\/servicios\/tratamientos\/rellenos-faciales-acido-hialuronico\/surco-2\/\",\"mediaType\":\"image\"} --><\/p>\n<div class=\"wp-block-media-text alignwide is-stacked-on-mobile\">\n<figure class=\"wp-block-media-text__media\"><img loading=\"lazy\" decoding=\"async\" width=\"884\" height=\"380\" class=\"wp-image-10010\" src=\"http:\/\/shimclinic.es\/wp-content\/uploads\/2021\/05\/surco.jpg\" alt=\"\" srcset=\"http:\/\/shimclinic.es\/wp-content\/uploads\/2021\/05\/surco.jpg 884w, http:\/\/shimclinic.es\/wp-content\/uploads\/2021\/05\/surco-300x129.jpg 300w, http:\/\/shimclinic.es\/wp-content\/uploads\/2021\/05\/surco-768x330.jpg 768w\" sizes=\"(max-width: 884px) 100vw, 884px\" \/><\/figure>\n<div class=\"wp-block-media-text__content\"><!-- wp:quote --><\/p>\n<blockquote class=\"wp-block-quote\">\n<p>Comblement des cernes, rhinomodelage du sillon nasog\u00e9nien, grimace de marionnette, arcade mandibulaire...<\/p>\n<\/blockquote>\n<p><!-- \/wp:quote --><\/div>\n<\/div>\n<p><!-- \/wp:media-text --><\/p>\n<p>&nbsp;<\/p>\n<p><!-- wp:media-text {\"mediaPosition\":\"right\",\"mediaId\":10079,\"mediaType\":\"image\",\"mediaWidth\":36} --><\/p>\n<div class=\"wp-block-media-text alignwide has-media-on-the-right is-stacked-on-mobile\" style=\"grid-template-columns: auto 36%;\">\n<figure class=\"wp-block-media-text__media\"><img loading=\"lazy\" decoding=\"async\" width=\"781\" height=\"1024\" class=\"wp-image-10079\" src=\"http:\/\/shimclinic.es\/wp-content\/uploads\/2021\/05\/labios-Patri-781x1024.jpg\" alt=\"\" srcset=\"http:\/\/shimclinic.es\/wp-content\/uploads\/2021\/05\/labios-Patri-781x1024.jpg 781w, http:\/\/shimclinic.es\/wp-content\/uploads\/2021\/05\/labios-Patri-229x300.jpg 229w, http:\/\/shimclinic.es\/wp-content\/uploads\/2021\/05\/labios-Patri-768x1007.jpg 768w, http:\/\/shimclinic.es\/wp-content\/uploads\/2021\/05\/labios-Patri-1171x1536.jpg 1171w, http:\/\/shimclinic.es\/wp-content\/uploads\/2021\/05\/labios-Patri.jpg 1202w\" sizes=\"(max-width: 781px) 100vw, 781px\" \/><\/figure>\n<div class=\"wp-block-media-text__content\"><!-- wp:heading --><\/p>\n<h2>Viens d\u00e9couvrir<\/h2>\n<p><!-- \/wp:heading --><br \/><!-- wp:paragraph --><!-- \/wp:paragraph --><br \/><!-- wp:heading --><\/p>\n<h2>nos promotions<\/h2>\n<p><!-- \/wp:heading --><br \/><!-- wp:heading --><\/p>\n<h2>de <strong>dessin\u00e9<\/strong>, <strong>remplissage<\/strong><\/h2>\n<p><!-- \/wp:heading --><br \/><!-- wp:heading --><\/p>\n<h2><strong>et hydratation <\/strong><\/h2>\n<p><!-- \/wp:heading --><br \/><!-- wp:paragraph --><!-- \/wp:paragraph --><br \/><!-- wp:heading --><\/p>\n<h2><strong>des l\u00e8vres<\/strong>.<\/h2>\n<p><!-- \/wp:heading --><br \/><!-- wp:paragraph --><!-- \/wp:paragraph --><br \/><!-- wp:paragraph --><!-- \/wp:paragraph --><br \/><!-- wp:quote --><\/p>\n<blockquote class=\"wp-block-quote\">\n<p>Les l\u00e8vres de Patri ont \u00e9t\u00e9 magnifiques ! Merci de partager cette photo avec nous.<\/p>\n<\/blockquote>\n<p><!-- \/wp:quote --><\/div>\n<\/div>\n<p><!-- \/wp:media-text --><br \/><!-- wp:paragraph --><!-- \/wp:paragraph -->\u00a0<\/p>\n\n\t\t<\/div>\n\t<\/div>\n<\/div><\/div><\/div><\/div>","protected":false},"excerpt":{"rendered":"Sus efectos beneficiosos para la piel son una mayor hidrataci\u00f3n y mientras dura el efecto del implante,\u00a0 una remodelaci\u00f3n facial arm\u00f3nica con la reposici\u00f3n de vol\u00famenes perdidos. &nbsp; &nbsp; Relleno de ojeras, rinomodelaci\u00f3n surco nasogeniano, mueca de marioneta, arco mandibular... &nbsp; Ven a conocer nuestras promociones de delineado, relleno e hidrataci\u00f3n de labios. \u00a1Bell\u00edsimos han [...]","protected":false},"author":1,"featured_media":0,"parent":9546,"menu_order":0,"comment_status":"closed","ping_status":"closed","template":"","meta":{"footnotes":""},"_links":{"self":[{"href":"http:\/\/shimclinic.es\/fr\/wp-json\/wp\/v2\/pages\/9654"}],"collection":[{"href":"http:\/\/shimclinic.es\/fr\/wp-json\/wp\/v2\/pages"}],"about":[{"href":"http:\/\/shimclinic.es\/fr\/wp-json\/wp\/v2\/types\/page"}],"author":[{"embeddable":true,"href":"http:\/\/shimclinic.es\/fr\/wp-json\/wp\/v2\/users\/1"}],"replies":[{"embeddable":true,"href":"http:\/\/shimclinic.es\/fr\/wp-json\/wp\/v2\/comments?post=9654"}],"version-history":[{"count":18,"href":"http:\/\/shimclinic.es\/fr\/wp-json\/wp\/v2\/pages\/9654\/revisions"}],"predecessor-version":[{"id":10293,"href":"http:\/\/shimclinic.es\/fr\/wp-json\/wp\/v2\/pages\/9654\/revisions\/10293"}],"up":[{"embeddable":true,"href":"http:\/\/shimclinic.es\/fr\/wp-json\/wp\/v2\/pages\/9546"}],"wp:attachment":[{"href":"http:\/\/shimclinic.es\/fr\/wp-json\/wp\/v2\/media?parent=9654"}],"curies":[{"name":"wp","href":"https:\/\/api.w.org\/{rel}","templated":true}]}}