{"id":10127,"date":"2022-01-10T10:06:53","date_gmt":"2022-01-10T09:06:53","guid":{"rendered":"http:\/\/shimclinic.es\/?page_id=10127"},"modified":"2022-01-10T10:06:53","modified_gmt":"2022-01-10T09:06:53","slug":"politica-de-cookies","status":"publish","type":"page","link":"https:\/\/shimclinic.es\/fr\/politica-de-cookies\/","title":{"rendered":"Pol\u00edtica de cookies"},"content":{"rendered":"<p><strong>1.<\/strong><strong>&nbsp;\u00bfQU\u00c9 SON LAS COOKIES?<\/strong><\/p>\n\n\n\n<p><strong>CL\u00cdNICA TECNOL\u00c1SER CEUTA, S.L.<\/strong>&nbsp;es responsable de la p\u00e1gina web http:\/\/shimclinic.es, y utiliza cookies y\/u otros archivos de funcionalidad similar (en adelante \u201cCookies\u201d).<\/p>\n\n\n\n<p>Las Cookies son peque\u00f1os archivos de datos que se env\u00edan al ordenador del usuario, tel\u00e9fono m\u00f3vil u otro dispositivo de acceso cuando visita una p\u00e1gina web y que permiten obtener informaci\u00f3n relativa a su navegaci\u00f3n o un c\u00f3digo que permite identificar un\u00edvocamente al usuario.<\/p>\n\n\n\n<p><strong>2.<\/strong><strong>&nbsp;TIPOLOG\u00cdA DE COOKIES Y FINALIDADES DE USO<\/strong><\/p>\n\n\n\n<p>La p\u00e1gina web https:\/\/shimclinic.es utiliza Cookies de sesi\u00f3n y\/o Cookies persistentes que, a su vez, pueden ser Cookies propias y\/o de terceros.<\/p>\n\n\n\n<p>Las Cookies de sesi\u00f3n son cookies dise\u00f1adas para recabar y almacenar datos mientras el usuario accede a una p\u00e1gina web. Se suelen emplear para almacenar informaci\u00f3n que solo interesa conservar para la prestaci\u00f3n del servicio solicitado por el usuario en una sola ocasi\u00f3n.<\/p>\n\n\n\n<p>Las Cookies persistentes son un tipo de cookies en el que los datos siguen almacenados en el terminal y a los que se puede acceder y tratar durante un periodo definido por el responsable de la cookie, y que puede ir de unos minutos a varios a\u00f1os.<\/p>\n\n\n\n<p>Cookies propias: Las creadas o gestionadas por el responsable de la p\u00e1gina web&nbsp;<strong>CL\u00cdNICA TECNOL\u00c1SER CEUTA, S.L.&nbsp;<\/strong>&nbsp;La p\u00e1gina web https:\/\/shimclinic.es\/, utiliza Cookies propias con las siguientes finalidades:<\/p>\n\n\n\n<ul><li><strong>T\u00e9cnicas<\/strong>: permiten al usuario la navegaci\u00f3n la utilizaci\u00f3n de las diferentes opciones o servicios que en ella existan como, por ejemplo, controlar el tr\u00e1fico y la comunicaci\u00f3n de datos, identificar la sesi\u00f3n, acceder a partes de acceso restringido, utilizar elementos de seguridad durante la navegaci\u00f3n, almacenar contenidos.<\/li><li><strong>Personalizaci\u00f3n<\/strong>: permiten al usuario acceder al servicio con algunas caracter\u00edsticas de car\u00e1cter general predefinidas en funci\u00f3n de una serie de criterios en el terminal del usuario como, por ejemplo, recordar preferencias de reproducci\u00f3n de v\u00eddeos.<\/li><\/ul>\n\n\n\n<p>A continuaci\u00f3n, se detallan las Cookies propias as\u00ed como las finalidades con las que se utiliza la informaci\u00f3n que almacenan:<\/p>\n\n\n\n<figure class=\"wp-block-table\"><table><tbody><tr><td><strong>FINALIDAD<\/strong><\/td><td><strong>NOMBRE<\/strong><\/td><\/tr><tr><td>Esta cookie es nativa de PHP y permite a la web guardar datos serializados de estado. En esta web se usa para establecer sesiones de usuario pasando datos de estado a trav\u00e9s de una cookie temporal tambi\u00e9n conocida como Cookie de sesi\u00f3n. La cookie PHPSESSID no tiene caducidad establecida ya que desaparece cuando se cierra la web.<\/td><td>PHPSESSID<\/td><\/tr><\/tbody><\/table><\/figure>\n\n\n\n<p><strong>3.<\/strong><strong>&nbsp;DESACTIVACI\u00d3N O ELIMINACI\u00d3N DE LAS COOKIES<\/strong><\/p>\n\n\n\n<p>La mayor\u00eda de navegadores web permite gestionar, en cualquier momento, las preferencias del usuario sobre el uso de las Cookies. El usuario puede ajustar su navegador para que rechace Cookies o elimine determinadas Cookies seg\u00fan su criterio<\/p>\n\n\n\n<p>Para la configuraci\u00f3n de las Cookies el usuario puede acceder a:<\/p>\n\n\n\n<ul><li><a href=\"https:\/\/support.google.com\/chrome\/answer\/95647?co=GENIE.Platform=Desktop&amp;&amp;hl=es\" target=\"_blank\" rel=\"noreferrer noopener\"><strong>Google Chrome<\/strong><\/a><\/li><li><a href=\"https:\/\/support.mozilla.org\/es\/kb\/impedir-que-los-sitios-web-guarden-sus-preferencia\" target=\"_blank\" rel=\"noreferrer noopener\"><strong>Mozilla Firefox<\/strong><\/a><\/li><li><a href=\"https:\/\/support.microsoft.com\/es-es\/help\/17442\/windows-internet-explorer-delete-manage-cookies\" target=\"_blank\" rel=\"noreferrer noopener\"><strong>Internet Explorer<\/strong><\/a><\/li><li><a href=\"https:\/\/privacy.microsoft.com\/es-ES\/windows-10-microsoft-edge-and-privacy\" target=\"_blank\" rel=\"noreferrer noopener\"><strong>Microsoft Edge<\/strong><\/a><\/li><li><a href=\"https:\/\/support.apple.com\/es-es\/HT201265\" target=\"_blank\" rel=\"noreferrer noopener\"><strong>Safari<\/strong><\/a><\/li><li><a href=\"http:\/\/help.opera.com\/Linux\/10.60\/es-ES\/cookies.html\" target=\"_blank\" rel=\"noreferrer noopener\"><strong>Opera 19<\/strong><\/a><\/li><\/ul>\n\n\n\n<p>El usuario puede revocar su consentimiento para el uso de Cookies en su navegador a trav\u00e9s de las indicaciones anteriores o a trav\u00e9s de la instalaci\u00f3n de un sistema de rechazo, (\u201copt-out\u201d) en su navegador web.<\/p>\n\n\n\n<p>El usuario debe tener en cuenta que algunas caracter\u00edsticas de los contenidos de la P\u00e1gina Web https:\/\/shimclinic.es solo est\u00e1n disponibles si se permite la instalaci\u00f3n de Cookies en su navegador. Si decide no aceptar o bloquear determinadas Cookies (en funci\u00f3n de su finalidad), puede que esto afecte, total o parcialmente, al funcionamiento normal de la P\u00e1gina Web o que impida el acceso a algunos servicios de la misma.<\/p>\n\n\n\n<p><strong>4.<\/strong><strong>&nbsp;ACTUALIZACIONES Y CAMBIOS EN LA POL\u00cdTICA DE COOKIES<\/strong><\/p>\n\n\n\n<p><strong>CL\u00cdNICA TECNOL\u00c1SER CEUTA, S.L.<\/strong>&nbsp;puede modificar esta Pol\u00edtica de Cookies en funci\u00f3n de nuevas exigencias legislativas, reglamentarias, o con la finalidad de adaptar dicha pol\u00edtica a las instrucciones dictadas por la Agencia Espa\u00f1ola de Protecci\u00f3n de Datos.<\/p>\n\n\n\n<p>Si desea m\u00e1s informaci\u00f3n sobre qu\u00e9 uso hacemos de las Cookies, puede enviarnos un e-mail a info@shimclinic.es<\/p>","protected":false},"excerpt":{"rendered":"<p>1.&nbsp;\u00bfQU\u00c9 SON LAS COOKIES? CL\u00cdNICA TECNOL\u00c1SER CEUTA, S.L.&nbsp;es responsable de la p\u00e1gina web http:\/\/shimclinic.es, y utiliza cookies y\/u otros archivos de funcionalidad similar (en adelante \u201cCookies\u201d). Las Cookies son peque\u00f1os archivos de datos que se env\u00edan al ordenador del usuario, tel\u00e9fono m\u00f3vil u otro dispositivo de acceso cuando visita una p\u00e1gina web y que permiten [&hellip;]<\/p>","protected":false},"author":1,"featured_media":0,"parent":0,"menu_order":0,"comment_status":"closed","ping_status":"closed","template":"","meta":{"footnotes":""},"_links":{"self":[{"href":"https:\/\/shimclinic.es\/fr\/wp-json\/wp\/v2\/pages\/10127"}],"collection":[{"href":"https:\/\/shimclinic.es\/fr\/wp-json\/wp\/v2\/pages"}],"about":[{"href":"https:\/\/shimclinic.es\/fr\/wp-json\/wp\/v2\/types\/page"}],"author":[{"embeddable":true,"href":"https:\/\/shimclinic.es\/fr\/wp-json\/wp\/v2\/users\/1"}],"replies":[{"embeddable":true,"href":"https:\/\/shimclinic.es\/fr\/wp-json\/wp\/v2\/comments?post=10127"}],"version-history":[{"count":1,"href":"https:\/\/shimclinic.es\/fr\/wp-json\/wp\/v2\/pages\/10127\/revisions"}],"predecessor-version":[{"id":10128,"href":"https:\/\/shimclinic.es\/fr\/wp-json\/wp\/v2\/pages\/10127\/revisions\/10128"}],"wp:attachment":[{"href":"https:\/\/shimclinic.es\/fr\/wp-json\/wp\/v2\/media?parent=10127"}],"curies":[{"name":"wp","href":"https:\/\/api.w.org\/{rel}","templated":true}]}}