{"id":10140,"date":"2022-02-15T11:14:56","date_gmt":"2022-02-15T10:14:56","guid":{"rendered":"http:\/\/shimclinic.es\/?page_id=10140"},"modified":"2023-02-28T17:01:14","modified_gmt":"2023-02-28T16:01:14","slug":"ginecologia-regenerativa","status":"publish","type":"page","link":"https:\/\/shimclinic.es\/fr\/ginecologia-regenerativa\/","title":{"rendered":"GINECOLOG\u00cdA REGENERATIVA"},"content":{"rendered":"<p>La solution laser leader pour le bien-\u00eatre f\u00e9minin \u00e0 tout \u00e2ge. <strong>Femilift <\/strong>es un tratamiento con eficacia cl\u00ednicamente probada, no invasivo, sin dolor, muy r\u00e1pido y c\u00f3modo para la paciente.<\/p>\n\n\n\n<h2 class=\"wp-block-heading\"><span style=\"color:#c88c0a\" class=\"has-inline-color\">TRATAMIENTOS NO QUIR\u00daRGICOS:<\/span><\/h2>\n\n\n\n<p><span style=\"color:#c88c0a\" class=\"has-inline-color\"><strong>S\u00e9cheresse vaginale et infections r\u00e9currentes<\/strong><\/span>.<\/p>\n\n\n\n<p><span style=\"color:#c88c0a\" class=\"has-inline-color\"><strong>Tensado vaginal<\/strong><\/span>.<\/p>\n\n\n\n<p><span style=\"color:#c88c0a\" class=\"has-inline-color\"><strong>S\u00edndrome Genitourinario de la Menopausia (SGM)<\/strong><\/span><\/p>\n\n\n\n<p><span style=\"color:#c88c0a\" class=\"has-inline-color\"><strong>Rehabilitaci\u00f3n post-parto<\/strong><\/span>.<\/p>\n\n\n\n<p><span style=\"color:#c88c0a\" class=\"has-inline-color\"><strong>Incontinencia urinaria por estr\u00e9s (SUI)<\/strong><\/span><\/p>\n\n\n\n<h2 class=\"wp-block-heading\"><span style=\"color:#c88c0a\" class=\"has-inline-color\">TRAITEMENTS CHIRURGICAUX :<\/span><\/h2>\n\n\n\n<p><strong>Cirug\u00eda \u00edntima femenina con tecnolog\u00eda l\u00e1ser CO2 de \u00faltima generaci\u00f3n<\/strong>:<\/p>\n\n\n\n<p><strong>\u00bfQu\u00e9 tratamientos se pueden realizar?<\/strong><\/p>\n\n\n\n<p>El l\u00e1ser de CO2 es capaz de<strong> cortar y coagular de forma ultraprecisa<\/strong>, fina, m\u00ednimamente invasiva y con una gran capacidad de coagulaci\u00f3n de los vasos que evitan el sangrado, por lo que es una gran opci\u00f3n de tratamiento para una amplia variedad de cirug\u00edas ginecol\u00f3gicas:<\/p>\n\n\n\n<ul><li><strong><span style=\"color:#c88c0a\" class=\"has-inline-color\">Condilomas<\/span><\/strong>.<\/li><li><strong><span style=\"color:#c88c0a\" class=\"has-inline-color\">Labioplastias<\/span><\/strong>.<\/li><li><strong><span style=\"color:#c88c0a\" class=\"has-inline-color\">Liquen escleroso<\/span><\/strong>.<\/li><li><strong><span style=\"color:#c88c0a\" class=\"has-inline-color\">CIN<\/span><\/strong>\u00a0<\/li><\/ul>\n\n\n\n<p><strong><span style=\"color:#c88c0a\" class=\"has-inline-color\">Ablation de kystes, de tumeurs b\u00e9nignes et malignes ou de l\u00e9sions pr\u00e9canc\u00e9reuses ou canc\u00e9reuses<\/span><\/strong>.<\/p>\n\n\n\n<h2 class=\"wp-block-heading\">Su gran ventaja en este tipo de procedimientos es la reducci\u00f3n del nivel de invasividad y del tiempo de recuperaci\u00f3n de la paciente.<\/h2>","protected":false},"excerpt":{"rendered":"<p>La soluci\u00f3n l\u00e1ser l\u00edder para el bienestar femenino a cualquier edad. Femilift es un tratamiento con eficacia cl\u00ednicamente probada, no invasivo, sin dolor, muy r\u00e1pido y c\u00f3modo para la paciente. TRATAMIENTOS NO QUIR\u00daRGICOS: Sequedad vaginal e infecciones recurrentes. Tensado vaginal. S\u00edndrome Genitourinario de la Menopausia (SGM) Rehabilitaci\u00f3n post-parto. Incontinencia urinaria por estr\u00e9s (SUI) TRATAMIENTOS QUIR\u00daRGICOS: [&hellip;]<\/p>","protected":false},"author":1,"featured_media":0,"parent":0,"menu_order":0,"comment_status":"closed","ping_status":"closed","template":"","meta":{"footnotes":""},"_links":{"self":[{"href":"https:\/\/shimclinic.es\/fr\/wp-json\/wp\/v2\/pages\/10140"}],"collection":[{"href":"https:\/\/shimclinic.es\/fr\/wp-json\/wp\/v2\/pages"}],"about":[{"href":"https:\/\/shimclinic.es\/fr\/wp-json\/wp\/v2\/types\/page"}],"author":[{"embeddable":true,"href":"https:\/\/shimclinic.es\/fr\/wp-json\/wp\/v2\/users\/1"}],"replies":[{"embeddable":true,"href":"https:\/\/shimclinic.es\/fr\/wp-json\/wp\/v2\/comments?post=10140"}],"version-history":[{"count":21,"href":"https:\/\/shimclinic.es\/fr\/wp-json\/wp\/v2\/pages\/10140\/revisions"}],"predecessor-version":[{"id":10368,"href":"https:\/\/shimclinic.es\/fr\/wp-json\/wp\/v2\/pages\/10140\/revisions\/10368"}],"wp:attachment":[{"href":"https:\/\/shimclinic.es\/fr\/wp-json\/wp\/v2\/media?parent=10140"}],"curies":[{"name":"wp","href":"https:\/\/api.w.org\/{rel}","templated":true}]}}