{"id":10343,"date":"2023-02-28T16:39:11","date_gmt":"2023-02-28T15:39:11","guid":{"rendered":"http:\/\/shimclinic.es\/?page_id=10343"},"modified":"2023-02-28T16:39:12","modified_gmt":"2023-02-28T15:39:12","slug":"rehabilitacion-post-parto","status":"publish","type":"page","link":"https:\/\/shimclinic.es\/fr\/rehabilitacion-post-parto\/","title":{"rendered":"R\u00e9\u00e9ducation post-partum :"},"content":{"rendered":"<p><\/p>\n\n\n\n<p>Apr\u00e8s l'accouchement commence un processus d'\u00e9normes changements physiques et hormonaux chez les femmes qui affectent grandement leurs tissus vaginaux. Il est fr\u00e9quent que certains laxismes vaginaux apparaissent qui peuvent causer&nbsp;<strong>diminution de la sensibilit\u00e9 lors des rapports sexuels et&nbsp;<a href=\"http:\/\/www.almalasers.com\/tratamientos\/incontinencia-urinaria-por-estres\/\">perte d'urine involontaire<\/a><\/strong>, un signe d'incontinence urinaire d'effort.&nbsp;<\/p>\n\n\n\n<p><a href=\"https:\/\/www.almalasersmedica.es\/productos\/femilift\/\">FemiLift<\/a>&nbsp;est un traitement au laser avanc\u00e9, r\u00e9alis\u00e9 avec le syst\u00e8me&nbsp;<a href=\"https:\/\/www.almalasersmedica.es\/productos\/pixel-co2\/\">Pixel CO2<\/a>&nbsp;, qui offre une solution tr\u00e8s efficace pour ce type de probl\u00e8me. Gr\u00e2ce \u00e0 l'effet thermique de FemiLift, la r\u00e9\u00e9ducation est stimul\u00e9e, am\u00e9liorant la tonicit\u00e9, la force et la souplesse de la zone.<\/p>","protected":false},"excerpt":{"rendered":"<p>Tras el parto comienza un proceso de enormes cambios f\u00edsicos y hormonales en la mujer que afectan enormemente a su tejido vaginal. Es habitual que aparezca cierta laxitud vaginal que puede provocar&nbsp;menor sensibilidad durante el acto sexual y&nbsp;p\u00e9rdidas de orina involuntarias, un signo de incontinencia urinaria de esfuerzo.&nbsp; FemiLift&nbsp;es un avanzado tratamiento l\u00e1ser, realizado con [&hellip;]<\/p>","protected":false},"author":1,"featured_media":0,"parent":0,"menu_order":0,"comment_status":"closed","ping_status":"closed","template":"","meta":{"footnotes":""},"_links":{"self":[{"href":"https:\/\/shimclinic.es\/fr\/wp-json\/wp\/v2\/pages\/10343"}],"collection":[{"href":"https:\/\/shimclinic.es\/fr\/wp-json\/wp\/v2\/pages"}],"about":[{"href":"https:\/\/shimclinic.es\/fr\/wp-json\/wp\/v2\/types\/page"}],"author":[{"embeddable":true,"href":"https:\/\/shimclinic.es\/fr\/wp-json\/wp\/v2\/users\/1"}],"replies":[{"embeddable":true,"href":"https:\/\/shimclinic.es\/fr\/wp-json\/wp\/v2\/comments?post=10343"}],"version-history":[{"count":1,"href":"https:\/\/shimclinic.es\/fr\/wp-json\/wp\/v2\/pages\/10343\/revisions"}],"predecessor-version":[{"id":10344,"href":"https:\/\/shimclinic.es\/fr\/wp-json\/wp\/v2\/pages\/10343\/revisions\/10344"}],"wp:attachment":[{"href":"https:\/\/shimclinic.es\/fr\/wp-json\/wp\/v2\/media?parent=10343"}],"curies":[{"name":"wp","href":"https:\/\/api.w.org\/{rel}","templated":true}]}}