{"id":10346,"date":"2023-02-28T16:40:47","date_gmt":"2023-02-28T15:40:47","guid":{"rendered":"http:\/\/shimclinic.es\/?page_id=10346"},"modified":"2024-04-25T20:07:49","modified_gmt":"2024-04-25T18:07:49","slug":"incontinencia-urinaria-por-estres-sui","status":"publish","type":"page","link":"https:\/\/shimclinic.es\/fr\/incontinencia-urinaria-por-estres-sui\/","title":{"rendered":"Incontinence urinaire \u00e0 l'effort (SUI):"},"content":{"rendered":"<p><\/p>\n\n\n\n<p>La&nbsp;<strong>L\u00b4incontinence urinaire d'effort (IUE)<\/strong>&nbsp;C'est un trouble tr\u00e8s courant qui touche un pourcentage \u00e9lev\u00e9 de femmes. Ce type d'incontinence implique une perte involontaire d'urine en r\u00e9ponse \u00e0 une augmentation de la pression intra-abdominale. Ce trouble peut \u00eatre caus\u00e9 par une perte de soutien sous-ur\u00e9tral, g\u00e9n\u00e9ralement \u00e0 la suite de dommages \u00e0 la structure de soutien pelvienne.<\/p>\n\n\n\n<p>FemiLift traite l'ensemble de l'espace pr\u00e9-ur\u00e9tral, en augmentant l'\u00e9paisseur des parois vaginales et en offrant un meilleur soutien pour la partie inf\u00e9rieure de l'ur\u00e8tre moyen. La technologie laser de Femilift offre une<strong>&nbsp;pouls tr\u00e8s long<\/strong>&nbsp;\u00e9mission qui lui permet de g\u00e9n\u00e9rer un puissant effet thermique dans la zone \u00e0&nbsp;<strong>le r\u00e9g\u00e9n\u00e9rer sans produire d'ablation.<\/strong>&nbsp;Cette forme d'action unique lui permet d'offrir un traitement tr\u00e8s efficace, avec une&nbsp;<strong>grande capacit\u00e9 de r\u00e9g\u00e9n\u00e9ration<\/strong>&nbsp;Aucun produit endommag\u00e9 dans la zone. Femilift par rapport \u00e0 d'autres proc\u00e9dures laser offre un&nbsp;<strong>avantage unique<\/strong>: efficacit\u00e9 et confort maximum pour la patiente qui peut reprendre sa routine quotidienne apr\u00e8s le traitement.<\/p>\n\n\n\n<figure class=\"wp-block-image size-full is-resized\"><img loading=\"lazy\" decoding=\"async\" width=\"669\" height=\"575\" src=\"http:\/\/shimclinic.es\/wp-content\/uploads\/2024\/04\/incont.png\" alt=\"\" class=\"wp-image-10575\" style=\"width:891px;height:auto\" srcset=\"https:\/\/shimclinic.es\/wp-content\/uploads\/2024\/04\/incont.png 669w, https:\/\/shimclinic.es\/wp-content\/uploads\/2024\/04\/incont-300x258.png 300w, https:\/\/shimclinic.es\/wp-content\/uploads\/2024\/04\/incont-14x12.png 14w\" sizes=\"(max-width: 669px) 100vw, 669px\" \/><\/figure>","protected":false},"excerpt":{"rendered":"<p>La&nbsp;incontinencia urinaria de esfuerzo (SUI)&nbsp;es un trastorno muy com\u00fan que afecta a un alto porcentaje de mujeres. Este tipo de incontinencia implica una p\u00e9rdida involuntaria de orina en respuesta a una mayor presi\u00f3n intra-abdominal. Este trastorno puede causarse por una p\u00e9rdida del soporte suburetral como resultado, por lo general, de da\u00f1os en la estructura del [&hellip;]<\/p>","protected":false},"author":1,"featured_media":0,"parent":0,"menu_order":0,"comment_status":"closed","ping_status":"closed","template":"","meta":{"footnotes":""},"_links":{"self":[{"href":"https:\/\/shimclinic.es\/fr\/wp-json\/wp\/v2\/pages\/10346"}],"collection":[{"href":"https:\/\/shimclinic.es\/fr\/wp-json\/wp\/v2\/pages"}],"about":[{"href":"https:\/\/shimclinic.es\/fr\/wp-json\/wp\/v2\/types\/page"}],"author":[{"embeddable":true,"href":"https:\/\/shimclinic.es\/fr\/wp-json\/wp\/v2\/users\/1"}],"replies":[{"embeddable":true,"href":"https:\/\/shimclinic.es\/fr\/wp-json\/wp\/v2\/comments?post=10346"}],"version-history":[{"count":2,"href":"https:\/\/shimclinic.es\/fr\/wp-json\/wp\/v2\/pages\/10346\/revisions"}],"predecessor-version":[{"id":10577,"href":"https:\/\/shimclinic.es\/fr\/wp-json\/wp\/v2\/pages\/10346\/revisions\/10577"}],"wp:attachment":[{"href":"https:\/\/shimclinic.es\/fr\/wp-json\/wp\/v2\/media?parent=10346"}],"curies":[{"name":"wp","href":"https:\/\/api.w.org\/{rel}","templated":true}]}}