{"id":10480,"date":"2024-04-20T14:48:37","date_gmt":"2024-04-20T12:48:37","guid":{"rendered":"http:\/\/shimclinic.es\/?page_id=10480"},"modified":"2024-04-25T19:58:32","modified_gmt":"2024-04-25T17:58:32","slug":"masajes-2","status":"publish","type":"page","link":"https:\/\/shimclinic.es\/fr\/masajes-2\/","title":{"rendered":"Masajes"},"content":{"rendered":"<p class=\"has-text-align-center has-medium-font-size\"><strong>MASAJES CORPORALES RELAJANTES Y DESCONTRACTURANTES<\/strong><\/p>\n\n\n\n<p>Ambos reducen el <strong>estr\u00e9s y la ansiedad<\/strong>, mejoran la circulaci\u00f3n sangu\u00ednea y alivian el dolor muscular. Adem\u00e1s, pueden ayudar a&nbsp;<strong>mejorar la postura y prevenir un gran n\u00famero de lesiones musculares<\/strong>&nbsp;a largo plazo.<\/p>\n\n\n\n<p><\/p>\n\n\n\n<figure class=\"wp-block-image\"><img loading=\"lazy\" decoding=\"async\" width=\"670\" height=\"540\" src=\"http:\/\/shimclinic.es\/wp-content\/uploads\/2024\/04\/MASAJES.png\" alt=\"\" class=\"wp-image-10507\" srcset=\"https:\/\/shimclinic.es\/wp-content\/uploads\/2024\/04\/MASAJES.png 670w, https:\/\/shimclinic.es\/wp-content\/uploads\/2024\/04\/MASAJES-300x242.png 300w, https:\/\/shimclinic.es\/wp-content\/uploads\/2024\/04\/MASAJES-15x12.png 15w, https:\/\/shimclinic.es\/wp-content\/uploads\/2024\/04\/MASAJES-150x120.png 150w, https:\/\/shimclinic.es\/wp-content\/uploads\/2024\/04\/MASAJES-570x460.png 570w\" sizes=\"(max-width: 670px) 100vw, 670px\" \/><\/figure>\n\n\n\n<p><\/p>\n\n\n\n<p><\/p>\n\n\n\n<p><\/p>\n\n\n\n<p><\/p>\n\n\n\n<p><\/p>\n\n\n\n<p><\/p>\n\n\n\n<p><\/p>\n\n\n\n<p><\/p>\n\n\n\n<p class=\"has-text-align-center has-medium-font-size\"><strong>MASAJES DE DRENAJE LINF\u00c1TICO<\/strong><\/p>\n\n\n\n<p>Se combinan suaves presiones con movimientos lentos y r\u00edtmicos y se moviliza el tejido linf\u00e1tico con el fin de aliviar la congesti\u00f3n, la sensaci\u00f3n de pesadez y la acumulaci\u00f3n de l\u00edquidos.<br>Es un tratamiento reductor de linfedemas, edemas y retenci\u00f3n de l\u00edquidos que mejora el estado de cualquier tejido del cuerpo.<br>Solemos combinarlos con sesiones de presoterapia m\u00e9dica.<\/p>\n\n\n\n<p class=\"has-medium-font-size\"><\/p>\n\n\n\n<figure class=\"wp-block-image size-full is-resized\"><img loading=\"lazy\" decoding=\"async\" width=\"963\" height=\"562\" src=\"http:\/\/shimclinic.es\/wp-content\/uploads\/2024\/04\/drenaje-1-1.png\" alt=\"\" class=\"wp-image-10530\" style=\"width:698px;height:auto\" srcset=\"https:\/\/shimclinic.es\/wp-content\/uploads\/2024\/04\/drenaje-1-1.png 963w, https:\/\/shimclinic.es\/wp-content\/uploads\/2024\/04\/drenaje-1-1-300x175.png 300w, https:\/\/shimclinic.es\/wp-content\/uploads\/2024\/04\/drenaje-1-1-768x448.png 768w, https:\/\/shimclinic.es\/wp-content\/uploads\/2024\/04\/drenaje-1-1-18x12.png 18w\" sizes=\"(max-width: 963px) 100vw, 963px\" \/><figcaption class=\"wp-element-caption\"><br><\/figcaption><\/figure>\n\n\n\n<div class=\"wp-block-cover\"><span aria-hidden=\"true\" class=\"wp-block-cover__background has-background-dim\"><\/span><img loading=\"lazy\" decoding=\"async\" width=\"841\" height=\"445\" class=\"wp-block-cover__image-background wp-image-10539\" alt=\"\" src=\"http:\/\/shimclinic.es\/wp-content\/uploads\/2024\/04\/drenaje-2.png\" data-object-fit=\"cover\" srcset=\"https:\/\/shimclinic.es\/wp-content\/uploads\/2024\/04\/drenaje-2.png 841w, https:\/\/shimclinic.es\/wp-content\/uploads\/2024\/04\/drenaje-2-300x159.png 300w, https:\/\/shimclinic.es\/wp-content\/uploads\/2024\/04\/drenaje-2-768x406.png 768w, https:\/\/shimclinic.es\/wp-content\/uploads\/2024\/04\/drenaje-2-18x10.png 18w\" sizes=\"(max-width: 841px) 100vw, 841px\" \/><div class=\"wp-block-cover__inner-container is-layout-flow wp-block-cover-is-layout-flow\">\n<p class=\"has-text-align-center has-large-font-size\"><\/p>\n\n\n\n<p><\/p>\n\n\n\n<p><\/p>\n\n\n\n<p><\/p>\n\n\n\n<p><\/p>\n\n\n\n<p><\/p>\n\n\n\n<p class=\"has-medium-font-size\">V\u00e1rices, edemas de todo tipo (embarazo, premenstruales, linfoest\u00e1ticos, postoperatorios&#8230;),<\/p>\n\n\n\n<p class=\"has-medium-font-size\"> piernas cansadas o hinchadas, mejora la circulaci\u00f3n de retorno, estimula el sistema <\/p>\n\n\n\n<p class=\"has-medium-font-size\">inmunol\u00f3gico&#8230;<\/p>\n<\/div><\/div>\n\n\n\n<p><\/p>\n\n\n\n<p><\/p>\n\n\n\n<p><\/p>\n\n\n\n<pre class=\"wp-block-preformatted\"><\/pre>\n\n\n\n<p><\/p>\n\n\n\n<p><\/p>\n\n\n\n<p class=\"has-text-align-center has-medium-font-size\"><strong>MASAJE<\/strong> <strong>CRANEOFACIAL<\/strong><\/p>\n\n\n\n<p><\/p>\n\n\n\n<p><\/p>\n\n\n\n<div class=\"wp-block-media-text is-stacked-on-mobile\"><figure class=\"wp-block-media-text__media\"><img loading=\"lazy\" decoding=\"async\" width=\"728\" height=\"600\" src=\"http:\/\/shimclinic.es\/wp-content\/uploads\/2024\/04\/msj.png\" alt=\"\" class=\"wp-image-10565 size-full\" srcset=\"https:\/\/shimclinic.es\/wp-content\/uploads\/2024\/04\/msj.png 728w, https:\/\/shimclinic.es\/wp-content\/uploads\/2024\/04\/msj-300x247.png 300w, https:\/\/shimclinic.es\/wp-content\/uploads\/2024\/04\/msj-15x12.png 15w\" sizes=\"(max-width: 728px) 100vw, 728px\" \/><\/figure><div class=\"wp-block-media-text__content\">\n<p><span style=\"color: rgb(102, 102, 102); font-family: &quot;Source Sans Pro&quot;, Helvetica, Arial, Lucida, sans-serif; font-size: 16px; white-space-collapse: collapse;\">Le&nbsp;<\/span><span style=\"box-sizing: border-box; margin: 0px; padding: 0px; border: 0px; outline: 0px; font-size: 16px; text-size-adjust: 100%; vertical-align: baseline; background-image: initial; background-position: initial; background-size: initial; background-repeat: initial; background-attachment: initial; background-origin: initial; background-clip: initial; font-weight: 700; color: rgb(102, 102, 102); font-family: &quot;Source Sans Pro&quot;, Helvetica, Arial, Lucida, sans-serif; white-space-collapse: collapse;\">masaje crane<\/span><span style=\"color: rgb(102, 102, 102); font-family: &quot;Source Sans Pro&quot;, Helvetica, Arial, Lucida, sans-serif; font-size: 16px; white-space-collapse: collapse;\"><strong>ofacial<\/strong>&nbsp;es aquel que se realiza en la zona del<strong> cr\u00e1neo, cara, cuello y hombros<\/strong>, teniendo como principal objetivo el de conseguir <strong>reducir las tensiones<\/strong> que se acumulan en estas zonas a lo largo del d\u00eda y muy especialmente debidas al estr\u00e9s.<\/span><\/p>\n\n\n\n<p><span style=\"color: rgb(102, 102, 102); font-family: &quot;Source Sans Pro&quot;, Helvetica, Arial, Lucida, sans-serif; font-size: 16px; white-space-collapse: collapse;\">Tienes que darte este gustazo<\/span>.<\/p>\n<\/div><\/div>\n\n\n\n<p><\/p>\n\n\n\n<p><\/p>\n\n\n\n<p><\/p>\n\n\n\n<p><\/p>\n\n\n\n<p><\/p>\n\n\n\n<p><\/p>\n\n\n\n<div class=\"wp-block-buttons is-layout-flex wp-block-buttons-is-layout-flex\"><\/div>","protected":false},"excerpt":{"rendered":"<p>MASAJES CORPORALES RELAJANTES Y DESCONTRACTURANTES Ambos reducen el estr\u00e9s y la ansiedad, mejoran la circulaci\u00f3n sangu\u00ednea y alivian el dolor muscular. Adem\u00e1s, pueden ayudar a&nbsp;mejorar la postura y prevenir un gran n\u00famero de lesiones musculares&nbsp;a largo plazo. MASAJES DE DRENAJE LINF\u00c1TICO Se combinan suaves presiones con movimientos lentos y r\u00edtmicos y se moviliza el tejido [&hellip;]<\/p>","protected":false},"author":1,"featured_media":0,"parent":0,"menu_order":0,"comment_status":"closed","ping_status":"closed","template":"","meta":{"footnotes":""},"_links":{"self":[{"href":"https:\/\/shimclinic.es\/fr\/wp-json\/wp\/v2\/pages\/10480"}],"collection":[{"href":"https:\/\/shimclinic.es\/fr\/wp-json\/wp\/v2\/pages"}],"about":[{"href":"https:\/\/shimclinic.es\/fr\/wp-json\/wp\/v2\/types\/page"}],"author":[{"embeddable":true,"href":"https:\/\/shimclinic.es\/fr\/wp-json\/wp\/v2\/users\/1"}],"replies":[{"embeddable":true,"href":"https:\/\/shimclinic.es\/fr\/wp-json\/wp\/v2\/comments?post=10480"}],"version-history":[{"count":32,"href":"https:\/\/shimclinic.es\/fr\/wp-json\/wp\/v2\/pages\/10480\/revisions"}],"predecessor-version":[{"id":10574,"href":"https:\/\/shimclinic.es\/fr\/wp-json\/wp\/v2\/pages\/10480\/revisions\/10574"}],"wp:attachment":[{"href":"https:\/\/shimclinic.es\/fr\/wp-json\/wp\/v2\/media?parent=10480"}],"curies":[{"name":"wp","href":"https:\/\/api.w.org\/{rel}","templated":true}]}}