{"id":9596,"date":"2020-11-24T08:45:29","date_gmt":"2020-11-24T07:45:29","guid":{"rendered":"http:\/\/18.198.46.52\/?page_id=9596"},"modified":"2023-03-02T18:39:06","modified_gmt":"2023-03-02T17:39:06","slug":"toxina-botulinica","status":"publish","type":"page","link":"https:\/\/shimclinic.es\/fr\/servicios\/tratamientos\/toxina-botulinica\/","title":{"rendered":"Toxine botulique"},"content":{"rendered":"<div class=\"vc_row wpb_row vc_row-fluid\"><div class=\"wpb_column vc_column_container vc_col-sm-12\"><div class=\"vc_column-inner\"><div class=\"wpb_wrapper\">\n\t<div class=\"wpb_text_column wpb_content_element\" >\n\t\t<div class=\"wpb_wrapper\">\n\t\t\t<div class=\"vc_row wpb_row vc_row-fluid\"><\/div><div class=\"wpb_column vc_column_container vc_col-sm-12\"><div class=\"vc_column-inner\"><div class=\"wpb_wrapper\"><\/div><\/div><\/div>\n\t<div class=\"wpb_text_column wpb_content_element\" >\n\t\t<div class=\"wpb_wrapper\">\n\t\t\t\n\t\t<\/div>\n\t<\/div>\n<p>Approuv\u00e9 par l'Agence espagnole des m\u00e9dicaments et des produits de sant\u00e9 et \u00e0 condition qu'il soit appliqu\u00e9 dans des centres m\u00e9dicaux agr\u00e9\u00e9s dans lesquels les professionnels qui y travaillent sont des personnes ayant une pr\u00e9paration ad\u00e9quate, exp\u00e9riment\u00e9es dans la r\u00e9alisation de traitements et responsables de l'application du produit.<\/p>\n<p>&nbsp;<\/p>\n<h2>\u00a0<\/h2>\n<h2>Traitement des rides du tiers sup\u00e9rieur<\/h2>\n<h2><img loading=\"lazy\" decoding=\"async\" class=\"wp-image-9924 alignleft\" src=\"http:\/\/shimclinic.es\/wp-content\/uploads\/2021\/04\/botox-1-254x300.jpg\" alt=\"\" width=\"244\" height=\"288\" srcset=\"https:\/\/shimclinic.es\/wp-content\/uploads\/2021\/04\/botox-1-254x300.jpg 254w, https:\/\/shimclinic.es\/wp-content\/uploads\/2021\/04\/botox-1-768x908.jpg 768w, https:\/\/shimclinic.es\/wp-content\/uploads\/2021\/04\/botox-1.jpg 782w\" sizes=\"(max-width: 244px) 100vw, 244px\" \/><\/h2>\n<p><!-- \/wp:paragraph -->\u00a0<\/p>\n<p><!-- wp:heading --><\/p>\n<p>&nbsp;<\/p>\n<p style=\"text-align: left;\">Il consiste en l'\u00e9limination des <strong>pattes d'oie<\/strong>, <strong>rides du lion et rides du front.<\/strong><\/p>\n<p>&nbsp;<\/p>\n<p style=\"text-align: left;\">Assurez-vous d'un traitement bien fait avec <strong>r\u00e9sultats harmonieux et naturels<\/strong> chez <strong>Shim Cl\u00ednic.<\/strong><\/p>\n<p>&nbsp;<\/p>\n<p>&nbsp;<\/p>\n<p>&nbsp;<\/p>\n<p>&nbsp;<\/p>\n<p>&nbsp;<\/p>\n<h2><strong>Traitement de l'hyperhidrose<\/strong><\/h2>\n<p>&nbsp;<\/p>\n<p style=\"text-align: left;\"><!-- \/wp:heading --><\/p>\n<p style=\"text-align: center;\"><img loading=\"lazy\" decoding=\"async\" class=\"wp-image-10389 alignleft\" src=\"http:\/\/shimclinic.es\/wp-content\/uploads\/2023\/03\/AXILA.png\" alt=\"\" width=\"406\" height=\"318\" \/><\/p>\n<p>&nbsp;<\/p>\n<p style=\"text-align: right;\">Il s'agit de <strong>infiltration de petites quantit\u00e9s<\/strong> de certains produits sp\u00e9cifiques, dans la zone touch\u00e9e par l'hyperhidrose.<\/p>\n<p style=\"text-align: right;\">Ce traitement produit une <strong>ferm\u00e9 \u00e0 cl\u00e9\n de la production excessive de sueur<\/strong>.<\/p>\n<h2>\u00a0<\/h2>\n<h2>\u00a0<\/h2>\n<h2>\u00a0<\/h2>\n<h2>\u00a0<\/h2>\n<h2>\u00a0<\/h2>\n<h2 style=\"text-align: left;\">bruxisme<\/h2>\n<p>&nbsp;<\/p>\n<p style=\"text-align: left;\"><strong>ZONE D'APPLICATION DE LA TOXINE<\/strong><\/p>\n<p>\u00a0 \u00a0 \u00a0 \u00a0 \u00a0 \u00a0 \u00a0 \u00a0 \u00a0 \u00a0 \u00a0 \u00a0 \u00a0 \u00a0 \u00a0 \u00a0 \u00a0 \u00a0 \u00a0 \u00a0 \u00a0 \u00a0 \u00a0 \u00a0 \u00a0 \u00a0 \u00a0 \u00a0 \u00a0 \u00a0 \u00a0 \u00a0 \u00a0 \u00a0 \u00a0 \u00a0 \u00a0 \u00a0 \u00a0 \u00a0<img loading=\"lazy\" decoding=\"async\" class=\"wp-image-10386 alignleft\" src=\"http:\/\/shimclinic.es\/wp-content\/uploads\/2023\/03\/bruxismo-300x182.png\" alt=\"\" width=\"456\" height=\"277\" srcset=\"https:\/\/shimclinic.es\/wp-content\/uploads\/2023\/03\/bruxismo-300x182.png 300w, https:\/\/shimclinic.es\/wp-content\/uploads\/2023\/03\/bruxismo.png 438w\" sizes=\"(max-width: 456px) 100vw, 456px\" \/><\/p>\n<p>Les injections de toxine botulique peuvent r\u00e9duire la fr\u00e9quence des \u00e9pisodes de <strong>bruxisme<\/strong>, ainsi que la force de mastication, et diminuer les niveaux de douleur qui en d\u00e9coulent, ce qui se traduit par une am\u00e9lioration de la qualit\u00e9 de vie des patients, avec un faible pourcentage d'effets secondaires.<\/p>\n<p>Les personnes qui souffrent de bruxisme ont souvent<strong> changements dans les traits de votre visage<\/strong> <strong>:<\/strong>Du fait de l'augmentation de la taille des muscles masticateurs, la base mandibulaire s'\u00e9largit, donnant un aspect lourd au visage et g\u00e9n\u00e9rant le<strong> \"effet visage carr\u00e9\"<\/strong><\/p>\n<p>Mais parmi ses applications il a un autre usage esth\u00e9tique moins connu : <strong>affiner la m\u00e2choire et affiner le contour du visage<\/strong>, restituant la forme originale aux visages modifi\u00e9s par le bruxisme.<\/p>\n\n\t\t<\/div>\n\t<\/div>\n<\/div><\/div><\/div><\/div>","protected":false},"excerpt":{"rendered":"Aprobado por la Agencia Espa\u00f1ola del Medicamento y Productos Sanitarios y siempre que sea aplicado en Centros M\u00e9dicos autorizados en los que los profesionales que all\u00ed trabajen sean personas con la preparaci\u00f3n adecuada, con experiencia en la realizaci\u00f3n de tratamientos y responsables para la aplicaci\u00f3n del producto. &nbsp; \u00a0 Tratamiento de arrugas del tercio superior [...]","protected":false},"author":1,"featured_media":10386,"parent":9546,"menu_order":0,"comment_status":"closed","ping_status":"closed","template":"","meta":{"footnotes":""},"_links":{"self":[{"href":"https:\/\/shimclinic.es\/fr\/wp-json\/wp\/v2\/pages\/9596"}],"collection":[{"href":"https:\/\/shimclinic.es\/fr\/wp-json\/wp\/v2\/pages"}],"about":[{"href":"https:\/\/shimclinic.es\/fr\/wp-json\/wp\/v2\/types\/page"}],"author":[{"embeddable":true,"href":"https:\/\/shimclinic.es\/fr\/wp-json\/wp\/v2\/users\/1"}],"replies":[{"embeddable":true,"href":"https:\/\/shimclinic.es\/fr\/wp-json\/wp\/v2\/comments?post=9596"}],"version-history":[{"count":21,"href":"https:\/\/shimclinic.es\/fr\/wp-json\/wp\/v2\/pages\/9596\/revisions"}],"predecessor-version":[{"id":10393,"href":"https:\/\/shimclinic.es\/fr\/wp-json\/wp\/v2\/pages\/9596\/revisions\/10393"}],"up":[{"embeddable":true,"href":"https:\/\/shimclinic.es\/fr\/wp-json\/wp\/v2\/pages\/9546"}],"wp:featuredmedia":[{"embeddable":true,"href":"https:\/\/shimclinic.es\/fr\/wp-json\/wp\/v2\/media\/10386"}],"wp:attachment":[{"href":"https:\/\/shimclinic.es\/fr\/wp-json\/wp\/v2\/media?parent=9596"}],"curies":[{"name":"wp","href":"https:\/\/api.w.org\/{rel}","templated":true}]}}