{"id":9615,"date":"2020-11-24T09:02:52","date_gmt":"2020-11-24T08:02:52","guid":{"rendered":"http:\/\/18.198.46.52\/?page_id=9615"},"modified":"2021-05-04T13:14:15","modified_gmt":"2021-05-04T11:14:15","slug":"rellenos-con-hidroxipatita-calcica","status":"publish","type":"page","link":"https:\/\/shimclinic.es\/fr\/servicios\/tratamientos\/rellenos-con-hidroxipatita-calcica\/","title":{"rendered":"Rempli d'hydroxypatite de calcium (RADIESSE)"},"content":{"rendered":"<p><strong>Radiesse<\/strong>&nbsp;est un produit de comblement dermique avec lequel&nbsp;<strong>on<\/strong>&nbsp;peut traiter les rides du visage pour obtenir un look plus rajeuni sur votre visage. traitement esth\u00e9tique avec&nbsp;<strong>Radiesse<\/strong>&nbsp;c'est totalement s\u00fbr.<\/p>\n\n\n\n<p>L'hydroxyapatite de calcium est un implant coh\u00e9sif, st\u00e9rile, transparent, semi-solide et apyrog\u00e8ne compos\u00e9 de microparticules (25-45 microns) d'hydroxyapatite de calcium biod\u00e9gradable et biocompatible en suspension dans un gel porteur d'eau st\u00e9rile pour injection, de glyc\u00e9rine et de carboxym\u00e9thylcellulose sodique. Indiqu\u00e9 pour la correction des d\u00e9fauts cong\u00e9nitaux, acquis ou post-traumatiques des tissus mous.<\/p>\n\n\n\n<div style=\"height:47px\" aria-hidden=\"true\" class=\"wp-block-spacer\"><\/div>\n\n\n\n<div class=\"wp-block-media-text alignwide is-stacked-on-mobile\" style=\"grid-template-columns:38% auto\"><figure class=\"wp-block-media-text__media\"><img loading=\"lazy\" decoding=\"async\" width=\"1024\" height=\"961\" src=\"http:\/\/shimclinic.es\/wp-content\/uploads\/2021\/05\/radiesse-1024x961.jpg\" alt=\"\" class=\"wp-image-10013\" srcset=\"https:\/\/shimclinic.es\/wp-content\/uploads\/2021\/05\/radiesse-1024x961.jpg 1024w, https:\/\/shimclinic.es\/wp-content\/uploads\/2021\/05\/radiesse-300x281.jpg 300w, https:\/\/shimclinic.es\/wp-content\/uploads\/2021\/05\/radiesse-768x721.jpg 768w, https:\/\/shimclinic.es\/wp-content\/uploads\/2021\/05\/radiesse-1536x1441.jpg 1536w, https:\/\/shimclinic.es\/wp-content\/uploads\/2021\/05\/radiesse.jpg 1587w\" sizes=\"(max-width: 1024px) 100vw, 1024px\" \/><\/figure><div class=\"wp-block-media-text__content\">\n<h2 class=\"has-text-align-center wp-block-heading\">Approuv\u00e9 par la FDA, <\/h2>\n\n\n\n<h2 class=\"has-text-align-center wp-block-heading\">RADIESSE est de l'hydroxypatite de calcium <\/h2>\n\n\n\n<h2 class=\"has-text-align-center wp-block-heading\">que trouverez-vous chez <\/h2>\n\n\n\n<h2 class=\"has-text-align-center wp-block-heading\">SHIM CL\u00cdNIC<\/h2>\n<\/div><\/div>\n\n\n\n<div style=\"height:52px\" aria-hidden=\"true\" class=\"wp-block-spacer\"><\/div>\n\n\n\n<h2 class=\"wp-block-heading\"><strong>O\u00f9 et pour quoi RADIESSE est-il appliqu\u00e9 ?<\/strong><\/h2>\n\n\n\n<p>\u2022 <strong>sillons nasog\u00e9niens<\/strong>: Rides profondes ou simplement ridules qui apparaissent autour du visage. <strong>bouche et nez<\/strong>.<\/p>\n\n\n\n<p>\u2022 <strong>lignes de marionnettes<\/strong>: Ce sont ces rides (ridules ou sillons selon leur intensit\u00e9 sur la peau) qui commencent \u00e0 la commissure des l\u00e8vres et se terminent au menton.<\/p>\n\n\n\n<p>\u2022 <strong>rides p\u00e9rioculaires<\/strong>: Ce sont les classiques <strong>pattes d'oie<\/strong> et d'autres rides qui apparaissent autour de l'\u0153il.<\/p>\n\n\n\n<p>\u2022 Rides sur les <strong>joues et rides d'expression.<\/strong><\/p>\n\n\n\n<p>\u2022 Correction nasale <strong>(rhinomod\u00e9lisation)<\/strong>: Applicable, m\u00eame, apr\u00e8s un traitement de rhinoplastie.<\/p>\n\n\n\n<p>\u2022 <strong>pli<\/strong> du <strong>menton<\/strong><\/p>\n\n\n\n<p>\u2022 <strong>Menton<\/strong>.<\/p>\n\n\n\n<p>\u2022 <strong>Profilage des l\u00e8vres :<\/strong> Radiesse est \u00e9galement utilis\u00e9 pour les rides typiques qui apparaissent sur la partie sup\u00e9rieure de la l\u00e8vre et qui ressemblent \u00e0 un <strong>\"code barre\".<\/strong><\/p>\n\n\n\n<p>\u2022 <strong>Rides ovales et mandibulaires du visage.<\/strong>.<\/p>\n\n\n\n<p>\u2022 Rajeunissement des <strong>mains<\/strong><\/p>","protected":false},"excerpt":{"rendered":"<p>Radiesse&nbsp;es un relleno d\u00e9rmico con el&nbsp;que&nbsp;se pueden tratar las arrugas faciales para lograr un aspecto m\u00e1s rejuvenecido en tu rostro. El tratamiento est\u00e9tico con&nbsp;Radiesse&nbsp;es totalmente seguro. La hidroxiapatita c\u00e1lcica es un implante apir\u00f3geno semis\u00f3lido, claro, est\u00e9ril y cohesionado compuesto por micropart\u00edculas (25\u201045 micras) de hidroxiapatita c\u00e1lcica biocompatibles biodegradables suspendidas en un gel portador de agua [&hellip;]<\/p>","protected":false},"author":1,"featured_media":0,"parent":9546,"menu_order":0,"comment_status":"closed","ping_status":"closed","template":"","meta":{"footnotes":""},"_links":{"self":[{"href":"https:\/\/shimclinic.es\/fr\/wp-json\/wp\/v2\/pages\/9615"}],"collection":[{"href":"https:\/\/shimclinic.es\/fr\/wp-json\/wp\/v2\/pages"}],"about":[{"href":"https:\/\/shimclinic.es\/fr\/wp-json\/wp\/v2\/types\/page"}],"author":[{"embeddable":true,"href":"https:\/\/shimclinic.es\/fr\/wp-json\/wp\/v2\/users\/1"}],"replies":[{"embeddable":true,"href":"https:\/\/shimclinic.es\/fr\/wp-json\/wp\/v2\/comments?post=9615"}],"version-history":[{"count":10,"href":"https:\/\/shimclinic.es\/fr\/wp-json\/wp\/v2\/pages\/9615\/revisions"}],"predecessor-version":[{"id":10021,"href":"https:\/\/shimclinic.es\/fr\/wp-json\/wp\/v2\/pages\/9615\/revisions\/10021"}],"up":[{"embeddable":true,"href":"https:\/\/shimclinic.es\/fr\/wp-json\/wp\/v2\/pages\/9546"}],"wp:attachment":[{"href":"https:\/\/shimclinic.es\/fr\/wp-json\/wp\/v2\/media?parent=9615"}],"curies":[{"name":"wp","href":"https:\/\/api.w.org\/{rel}","templated":true}]}}