{"id":9635,"date":"2020-11-24T09:07:42","date_gmt":"2020-11-24T08:07:42","guid":{"rendered":"http:\/\/18.198.46.52\/?page_id=9635"},"modified":"2020-12-04T00:57:53","modified_gmt":"2020-12-03T23:57:53","slug":"venusian-co2-de-irradia","status":"publish","type":"page","link":"https:\/\/shimclinic.es\/fr\/servicios\/aparatologia\/venusian-co2-de-irradia\/","title":{"rendered":"Venusian CO2 de Irradia"},"content":{"rendered":"<div class=\"vc_row wpb_row vc_row-fluid\"><div class=\"wpb_column vc_column_container vc_col-sm-6\"><div class=\"vc_column-inner\"><div class=\"wpb_wrapper\">\n\t<div class=\"wpb_text_column wpb_content_element\" >\n\t\t<div class=\"wpb_wrapper\">\n\t\t\t<p>Venusian est un syst\u00e8me m\u00e9dical avanc\u00e9 de carboxyth\u00e9rapie dont la technologie est bas\u00e9e sur l'utilisation du dioxyde de carbone (CO2). Son traitement consiste en des micro-injections sous-cutan\u00e9es et intradermiques localis\u00e9es de dioxyde de carbone, d\u00e9livr\u00e9es par une tr\u00e8s petite aiguille qui est fix\u00e9e \u00e0 un tube st\u00e9rile et jetable de l'\u00e9quipement.<\/p>\n<p>Venusian CO2 est la seule technologie qui garantit une livraison contr\u00f4l\u00e9e, st\u00e9rile et personnalis\u00e9e, reconnue par les organismes de sant\u00e9 de la Communaut\u00e9 europ\u00e9enne.<\/p>\n\n\t\t<\/div>\n\t<\/div>\n<div class='text-with-icon'><span class='icon icon-linked'> <\/span><a title='Plus d&#039;informations' target=' _blank' href='http:\/\/www.irradia.com.es\/tecnologias\/venusian-co2\/'>Plus d'informations<\/a><\/div><\/div><\/div><\/div><div class=\"wpb_column vc_column_container vc_col-sm-6\"><div class=\"vc_column-inner\"><div class=\"wpb_wrapper\">\n\t<div class=\"wpb_text_column wpb_content_element\" >\n\t\t<div class=\"wpb_wrapper\">\n\t\t\t<p><img loading=\"lazy\" decoding=\"async\" width=\"1000\" height=\"1000\" class=\"wp-image-9811\" src=\"http:\/\/shimclinic.es\/wp-content\/uploads\/2020\/12\/post_venusianco2_gine-03.jpg\" alt=\"\" srcset=\"https:\/\/shimclinic.es\/wp-content\/uploads\/2020\/12\/post_venusianco2_gine-03.jpg 1000w, https:\/\/shimclinic.es\/wp-content\/uploads\/2020\/12\/post_venusianco2_gine-03-300x300.jpg 300w, https:\/\/shimclinic.es\/wp-content\/uploads\/2020\/12\/post_venusianco2_gine-03-150x150.jpg 150w, https:\/\/shimclinic.es\/wp-content\/uploads\/2020\/12\/post_venusianco2_gine-03-768x768.jpg 768w\" sizes=\"(max-width: 1000px) 100vw, 1000px\" \/><\/p>\n\n\t\t<\/div>\n\t<\/div>\n<\/div><\/div><\/div><\/div>","protected":false},"excerpt":{"rendered":"Venusian es un sistema m\u00e9dico de carboxiterapia avanzada cuya tecnolog\u00eda se basa en el uso de di\u00f3xido de carbono (CO2). Su tratamiento consiste en microinyecciones subcut\u00e1neas e intrad\u00e9rmicas localizadas de di\u00f3xido de carbono, suministrado a trav\u00e9s de una aguja muy peque\u00f1a que va unida a un tubo est\u00e9ril y desechable del equipo. Venusian CO2 es [...]","protected":false},"author":1,"featured_media":0,"parent":9625,"menu_order":0,"comment_status":"closed","ping_status":"closed","template":"","meta":{"footnotes":""},"_links":{"self":[{"href":"https:\/\/shimclinic.es\/fr\/wp-json\/wp\/v2\/pages\/9635"}],"collection":[{"href":"https:\/\/shimclinic.es\/fr\/wp-json\/wp\/v2\/pages"}],"about":[{"href":"https:\/\/shimclinic.es\/fr\/wp-json\/wp\/v2\/types\/page"}],"author":[{"embeddable":true,"href":"https:\/\/shimclinic.es\/fr\/wp-json\/wp\/v2\/users\/1"}],"replies":[{"embeddable":true,"href":"https:\/\/shimclinic.es\/fr\/wp-json\/wp\/v2\/comments?post=9635"}],"version-history":[{"count":6,"href":"https:\/\/shimclinic.es\/fr\/wp-json\/wp\/v2\/pages\/9635\/revisions"}],"predecessor-version":[{"id":9865,"href":"https:\/\/shimclinic.es\/fr\/wp-json\/wp\/v2\/pages\/9635\/revisions\/9865"}],"up":[{"embeddable":true,"href":"https:\/\/shimclinic.es\/fr\/wp-json\/wp\/v2\/pages\/9625"}],"wp:attachment":[{"href":"https:\/\/shimclinic.es\/fr\/wp-json\/wp\/v2\/media?parent=9635"}],"curies":[{"name":"wp","href":"https:\/\/api.w.org\/{rel}","templated":true}]}}